{"id":1008,"date":"2025-04-06T13:24:17","date_gmt":"2025-04-06T11:24:17","guid":{"rendered":"https:\/\/itcaraibe.org\/?page_id=1008"},"modified":"2025-11-27T21:54:09","modified_gmt":"2025-11-27T20:54:09","slug":"nous-soutenir","status":"publish","type":"page","link":"https:\/\/itcaraibe.org\/en\/nous-soutenir\/","title":{"rendered":"Support Us"},"content":{"rendered":"<div data-elementor-type=\"wp-page\" data-elementor-id=\"1008\" class=\"elementor elementor-1008\">\n\t\t\t\t<div class=\"elementor-element elementor-element-3745a8b e-flex e-con-boxed e-con e-parent\" data-id=\"3745a8b\" data-element_type=\"container\" data-e-type=\"container\">\n\t\t\t\t\t<div class=\"e-con-inner\">\n\t\t\t\t<div class=\"elementor-element elementor-element-d757f7d elementor-widget elementor-widget-heading\" data-id=\"d757f7d\" data-element_type=\"widget\" data-e-type=\"widget\" data-widget_type=\"heading.default\">\n\t\t\t\t<div class=\"elementor-widget-container\">\n\t\t\t\t\t<h2 class=\"elementor-heading-title elementor-size-default\">How can you support us?<\/h2>\t\t\t\t<\/div>\n\t\t\t\t<\/div>\n\t\t\t\t<div class=\"elementor-element elementor-element-e68d1a4 elementor-widget elementor-widget-html\" data-id=\"e68d1a4\" data-element_type=\"widget\" data-e-type=\"widget\" data-widget_type=\"html.default\">\n\t\t\t\t<div class=\"elementor-widget-container\">\n\t\t\t\t\t<p>Our young institute has several significant needs: purchasing the land we currently rent; paying the salaries of our staff and qualified teachers; operating costs, etc.\n<\/p>\n<p>\nYou can support us through prayer and donations in various ways:\n<\/p>\t\t\t\t<\/div>\n\t\t\t\t<\/div>\n\t\t\t\t<div class=\"elementor-element elementor-element-e7dd901 elementor-widget elementor-widget-html\" data-id=\"e7dd901\" data-element_type=\"widget\" data-e-type=\"widget\" data-widget_type=\"html.default\">\n\t\t\t\t<div class=\"elementor-widget-container\">\n\t\t\t\t\t<p>\n    A) Via HelloAsso by clicking on the button below: <br>\n    <center><a href=\"https:\/\/www.helloasso.com\/associations\/institut-theologique-de-la-caraibe-itc\/formulaires\/1\" class=\"btn\" target=\"_blank\">Make a donation via HelloAsso<\/a><\/center>\n<\/p>\n<p>B) By bank transfer or standing order via the <b>following European account<\/b> :\n<br>\n\n\n<div style=\"margin-left: 30%; margin-right: 30%; width: 40%\">\nBANK: <b>BRED \u2013 BANQUE POPULAIRE<\/b><br>\nIBAN: <b>FR76 1010 7003 8000 3340 7406 425<\/b><br>\nBIC: <b>BREDFRPPXXX<\/b>\n<\/div>\n<\/p>\n<br><br>\n<p>\nC) For our American friends and brothers and sisters, by PayPal, credit card, or E-Check via <a style=\"text-decoration: underline; font-weight: bold;\" href=\"https:\/\/giving.ag.org\/donate\/fde3da72-1056-443d-b1c7-3d7632083c27\" target=\"_blank\" rel=\"noopener\">the donation page<\/a> of Missionary Joel TEMPLE, following these steps:\n<\/p>\t\t\t\t<\/div>\n\t\t\t\t<\/div>\n\t\t\t\t<div class=\"elementor-element elementor-element-df906e0 elementor-widget elementor-widget-text-editor\" data-id=\"df906e0\" data-element_type=\"widget\" data-e-type=\"widget\" data-widget_type=\"text-editor.default\">\n\t\t\t\t<div class=\"elementor-widget-container\">\n\t\t\t\t\t\t\t\t\t<ol style=\"font-size: 20px; color: black;\">\n \t<li>Select an amount already displayed, or enter another amount of your choice.<\/li>\n \t<li>Click on \u201cAdvanced Options\u201d<\/li>\n \t<li>Click the down arrow and select \u201cItc Martinique\u201d<\/li>\n \t<li>In the \u201cComments\u201d box, write a message indicating the purpose of your contribution<\/li>\n \t<li>Click <b>\u201cADD DONATION\u201d<\/b> (which will only be activated if you have entered an amount)<\/li>\n<\/ol>\t\t\t\t\t\t\t\t<\/div>\n\t\t\t\t<\/div>\n\t\t\t\t<div class=\"elementor-element elementor-element-c29db33 elementor-widget elementor-widget-image\" data-id=\"c29db33\" data-element_type=\"widget\" data-e-type=\"widget\" data-widget_type=\"image.default\">\n\t\t\t\t<div class=\"elementor-widget-container\">\n\t\t\t\t\t\t\t\t\t\t\t\t\t\t\t<img fetchpriority=\"high\" decoding=\"async\" width=\"640\" height=\"815\" src=\"https:\/\/itcaraibe.org\/wp-content\/uploads\/2025\/09\/img1-768x978.png\" class=\"attachment-medium_large size-medium_large wp-image-1717\" alt=\"\" srcset=\"https:\/\/itcaraibe.org\/wp-content\/uploads\/2025\/09\/img1-768x978.png 768w, https:\/\/itcaraibe.org\/wp-content\/uploads\/2025\/09\/img1-236x300.png 236w, https:\/\/itcaraibe.org\/wp-content\/uploads\/2025\/09\/img1.png 780w\" sizes=\"(max-width: 640px) 100vw, 640px\" \/>\t\t\t\t\t\t\t\t\t\t\t\t\t\t\t<\/div>\n\t\t\t\t<\/div>\n\t\t\t\t<div class=\"elementor-element elementor-element-e224889 elementor-widget elementor-widget-html\" data-id=\"e224889\" data-element_type=\"widget\" data-e-type=\"widget\" data-widget_type=\"html.default\">\n\t\t\t\t<div class=\"elementor-widget-container\">\n\t\t\t\t\t<p>\n    <em>The summary of your donation will be displayed. And it will still be possible to modify it. If you are satisfied and there are no errors:<br> Si vous \u00eates satisfait(e) et qu\u2019il n\u2019y a aucune erreur :\n    <\/em>\n<\/p>\t\t\t\t<\/div>\n\t\t\t\t<\/div>\n\t\t\t\t<div class=\"elementor-element elementor-element-dcf5b62 elementor-widget elementor-widget-text-editor\" data-id=\"dcf5b62\" data-element_type=\"widget\" data-e-type=\"widget\" data-widget_type=\"text-editor.default\">\n\t\t\t\t<div class=\"elementor-widget-container\">\n\t\t\t\t\t\t\t\t\t<ol style=\"font-size: 20px; color: black;\" start=\"6\">\n \t<li>Click <b>\u201cCONTINUE\u201d<\/b><\/li>\n<\/ol>\t\t\t\t\t\t\t\t<\/div>\n\t\t\t\t<\/div>\n\t\t\t\t<div class=\"elementor-element elementor-element-f4d71d7 elementor-widget elementor-widget-image\" data-id=\"f4d71d7\" data-element_type=\"widget\" data-e-type=\"widget\" data-widget_type=\"image.default\">\n\t\t\t\t<div class=\"elementor-widget-container\">\n\t\t\t\t\t\t\t\t\t\t\t\t\t\t\t<img decoding=\"async\" width=\"640\" height=\"950\" src=\"https:\/\/itcaraibe.org\/wp-content\/uploads\/2025\/09\/img2.png\" class=\"attachment-medium_large size-medium_large wp-image-1724\" alt=\"\" srcset=\"https:\/\/itcaraibe.org\/wp-content\/uploads\/2025\/09\/img2.png 765w, https:\/\/itcaraibe.org\/wp-content\/uploads\/2025\/09\/img2-202x300.png 202w, https:\/\/itcaraibe.org\/wp-content\/uploads\/2025\/09\/img2-690x1024.png 690w\" sizes=\"(max-width: 640px) 100vw, 640px\" \/>\t\t\t\t\t\t\t\t\t\t\t\t\t\t\t<\/div>\n\t\t\t\t<\/div>\n\t\t\t\t\t<\/div>\n\t\t\t\t<\/div>\n\t\t<div class=\"elementor-element elementor-element-9e0f996 e-flex e-con-boxed e-con e-parent\" data-id=\"9e0f996\" data-element_type=\"container\" data-e-type=\"container\">\n\t\t\t\t\t<div class=\"e-con-inner\">\n\t\t\t\t<div class=\"elementor-element elementor-element-c11bad4 elementor-widget elementor-widget-html\" data-id=\"c11bad4\" data-element_type=\"widget\" data-e-type=\"widget\" data-widget_type=\"html.default\">\n\t\t\t\t<div class=\"elementor-widget-container\">\n\t\t\t\t\t<p>\n    <i>Then you have two options: LOG IN WITH AG ACCOUNTS or CONTINUE AS A GUEST<\/i>\n<\/p>\t\t\t\t<\/div>\n\t\t\t\t<\/div>\n\t\t\t\t<div class=\"elementor-element elementor-element-68c6186 elementor-widget elementor-widget-text-editor\" data-id=\"68c6186\" data-element_type=\"widget\" data-e-type=\"widget\" data-widget_type=\"text-editor.default\">\n\t\t\t\t<div class=\"elementor-widget-container\">\n\t\t\t\t\t\t\t\t\t<ol style=\"font-size: 20px; color: black;\" start=\"7\">\n \t<li>Click <b>\u201cCONTINUE AS A GUEST\u201d<\/b><\/li>\n<\/ol>\t\t\t\t\t\t\t\t<\/div>\n\t\t\t\t<\/div>\n\t\t\t\t<div class=\"elementor-element elementor-element-8b67122 elementor-widget elementor-widget-image\" data-id=\"8b67122\" data-element_type=\"widget\" data-e-type=\"widget\" data-widget_type=\"image.default\">\n\t\t\t\t<div class=\"elementor-widget-container\">\n\t\t\t\t\t\t\t\t\t\t\t\t\t\t\t<img decoding=\"async\" width=\"640\" height=\"320\" src=\"https:\/\/itcaraibe.org\/wp-content\/uploads\/2025\/09\/img0.png\" class=\"attachment-large size-large wp-image-1740\" alt=\"\" srcset=\"https:\/\/itcaraibe.org\/wp-content\/uploads\/2025\/09\/img0.png 690w, https:\/\/itcaraibe.org\/wp-content\/uploads\/2025\/09\/img0-300x150.png 300w\" sizes=\"(max-width: 640px) 100vw, 640px\" \/>\t\t\t\t\t\t\t\t\t\t\t\t\t\t\t<\/div>\n\t\t\t\t<\/div>\n\t\t\t\t<div class=\"elementor-element elementor-element-3c02c2d elementor-widget elementor-widget-text-editor\" data-id=\"3c02c2d\" data-element_type=\"widget\" data-e-type=\"widget\" data-widget_type=\"text-editor.default\">\n\t\t\t\t<div class=\"elementor-widget-container\">\n\t\t\t\t\t\t\t\t\t<p><i>There is then the option to make a \u201cOne Time\u201d or a \u201cMonthly\u201d donation<\/i><\/p>\t\t\t\t\t\t\t\t<\/div>\n\t\t\t\t<\/div>\n\t\t\t\t<div class=\"elementor-element elementor-element-c4823d1 elementor-widget elementor-widget-text-editor\" data-id=\"c4823d1\" data-element_type=\"widget\" data-e-type=\"widget\" data-widget_type=\"text-editor.default\">\n\t\t\t\t<div class=\"elementor-widget-container\">\n\t\t\t\t\t\t\t\t\t<ol style=\"font-size: 20px; color: black;\" start=\"8\">\n \t<li>Click <b>\u201cCONTINUE\u201d<\/b><\/li>\n<\/ol>\t\t\t\t\t\t\t\t<\/div>\n\t\t\t\t<\/div>\n\t\t\t\t<div class=\"elementor-element elementor-element-7cbe46a elementor-widget elementor-widget-image\" data-id=\"7cbe46a\" data-element_type=\"widget\" data-e-type=\"widget\" data-widget_type=\"image.default\">\n\t\t\t\t<div class=\"elementor-widget-container\">\n\t\t\t\t\t\t\t\t\t\t\t\t\t\t\t<img loading=\"lazy\" decoding=\"async\" width=\"640\" height=\"763\" src=\"https:\/\/itcaraibe.org\/wp-content\/uploads\/2025\/09\/img4-768x916.png\" class=\"attachment-medium_large size-medium_large wp-image-1693\" alt=\"\" srcset=\"https:\/\/itcaraibe.org\/wp-content\/uploads\/2025\/09\/img4-768x916.png 768w, https:\/\/itcaraibe.org\/wp-content\/uploads\/2025\/09\/img4-252x300.png 252w, https:\/\/itcaraibe.org\/wp-content\/uploads\/2025\/09\/img4.png 780w\" sizes=\"(max-width: 640px) 100vw, 640px\" \/>\t\t\t\t\t\t\t\t\t\t\t\t\t\t\t<\/div>\n\t\t\t\t<\/div>\n\t\t\t\t<div class=\"elementor-element elementor-element-844bba5 elementor-widget elementor-widget-image\" data-id=\"844bba5\" data-element_type=\"widget\" data-e-type=\"widget\" data-widget_type=\"image.default\">\n\t\t\t\t<div class=\"elementor-widget-container\">\n\t\t\t\t\t\t\t\t\t\t\t\t\t\t\t<img loading=\"lazy\" decoding=\"async\" width=\"640\" height=\"763\" src=\"https:\/\/itcaraibe.org\/wp-content\/uploads\/2025\/09\/img5-768x916.png\" class=\"attachment-medium_large size-medium_large wp-image-1697\" alt=\"\" srcset=\"https:\/\/itcaraibe.org\/wp-content\/uploads\/2025\/09\/img5-768x916.png 768w, https:\/\/itcaraibe.org\/wp-content\/uploads\/2025\/09\/img5-252x300.png 252w, https:\/\/itcaraibe.org\/wp-content\/uploads\/2025\/09\/img5.png 780w\" sizes=\"(max-width: 640px) 100vw, 640px\" \/>\t\t\t\t\t\t\t\t\t\t\t\t\t\t\t<\/div>\n\t\t\t\t<\/div>\n\t\t\t\t<div class=\"elementor-element elementor-element-7503157 elementor-widget elementor-widget-html\" data-id=\"7503157\" data-element_type=\"widget\" data-e-type=\"widget\" data-widget_type=\"html.default\">\n\t\t\t\t<div class=\"elementor-widget-container\">\n\t\t\t\t\t<p>\n    <i>Finally, choose your payment method: by <b>Paypal, Bancontact, Credit Card<\/b> or <b>E-Check<\/b><\/i>\n<\/p>\t\t\t\t<\/div>\n\t\t\t\t<\/div>\n\t\t\t\t<div class=\"elementor-element elementor-element-1147fb4 elementor-widget elementor-widget-image\" data-id=\"1147fb4\" data-element_type=\"widget\" data-e-type=\"widget\" data-widget_type=\"image.default\">\n\t\t\t\t<div class=\"elementor-widget-container\">\n\t\t\t\t\t\t\t\t\t\t\t\t\t\t\t<img loading=\"lazy\" decoding=\"async\" width=\"640\" height=\"808\" src=\"https:\/\/itcaraibe.org\/wp-content\/uploads\/2025\/09\/img6-768x970.png\" class=\"attachment-medium_large size-medium_large wp-image-1698\" alt=\"\" srcset=\"https:\/\/itcaraibe.org\/wp-content\/uploads\/2025\/09\/img6-768x970.png 768w, https:\/\/itcaraibe.org\/wp-content\/uploads\/2025\/09\/img6-238x300.png 238w, https:\/\/itcaraibe.org\/wp-content\/uploads\/2025\/09\/img6.png 780w\" sizes=\"(max-width: 640px) 100vw, 640px\" \/>\t\t\t\t\t\t\t\t\t\t\t\t\t\t\t<\/div>\n\t\t\t\t<\/div>\n\t\t\t\t<div class=\"elementor-element elementor-element-9c9a33d elementor-widget elementor-widget-html\" data-id=\"9c9a33d\" data-element_type=\"widget\" data-e-type=\"widget\" data-widget_type=\"html.default\">\n\t\t\t\t<div class=\"elementor-widget-container\">\n\t\t\t\t\t<p style=\"text-align: center; margin-top: 40px\">\n    <a style=\"text-decoration: underline; font-weight: bold;\" href=\"https:\/\/giving.ag.org\/donate\/fde3da72-1056-443d-b1c7-3d7632083c27\" target=\"_blank\" rel=\"noopener\" title=\"Cliquez ici pour aller sur la page de don du missionnaire Joel TEMPLE\">The donation page of Missionary Joel TEMPLE<\/a>\n<\/p>\t\t\t\t<\/div>\n\t\t\t\t<\/div>\n\t\t\t\t\t<\/div>\n\t\t\t\t<\/div>\n\t\t<div class=\"elementor-element elementor-element-7a1cacf e-flex e-con-boxed e-con e-parent\" data-id=\"7a1cacf\" data-element_type=\"container\" data-e-type=\"container\">\n\t\t\t\t\t<div class=\"e-con-inner\">\n\t\t\t\t\t<\/div>\n\t\t\t\t<\/div>\n\t\t\t\t<\/div>","protected":false},"excerpt":{"rendered":"<p>Comment nous soutenir ? Notre jeune institut a plusieurs besoins consid\u00e9rables : l&#8217;acquisition du terrain que nous louons ; le paiement des salaires de notre personnel et de nos professeurs qualifi\u00e9s ; les frais de fonctionnement, etc. Vous pouvez nous soutenir par la pri\u00e8re et par des dons de diff\u00e9rentes fa\u00e7ons : A) Via HelloAsso [&hellip;]<\/p>\n","protected":false},"author":1,"featured_media":0,"parent":0,"menu_order":0,"comment_status":"closed","ping_status":"closed","template":"","meta":{"footnotes":""},"class_list":["post-1008","page","type-page","status-publish","hentry"],"_links":{"self":[{"href":"https:\/\/itcaraibe.org\/en\/wp-json\/wp\/v2\/pages\/1008","targetHints":{"allow":["GET"]}}],"collection":[{"href":"https:\/\/itcaraibe.org\/en\/wp-json\/wp\/v2\/pages"}],"about":[{"href":"https:\/\/itcaraibe.org\/en\/wp-json\/wp\/v2\/types\/page"}],"author":[{"embeddable":true,"href":"https:\/\/itcaraibe.org\/en\/wp-json\/wp\/v2\/users\/1"}],"replies":[{"embeddable":true,"href":"https:\/\/itcaraibe.org\/en\/wp-json\/wp\/v2\/comments?post=1008"}],"version-history":[{"count":188,"href":"https:\/\/itcaraibe.org\/en\/wp-json\/wp\/v2\/pages\/1008\/revisions"}],"predecessor-version":[{"id":2545,"href":"https:\/\/itcaraibe.org\/en\/wp-json\/wp\/v2\/pages\/1008\/revisions\/2545"}],"wp:attachment":[{"href":"https:\/\/itcaraibe.org\/en\/wp-json\/wp\/v2\/media?parent=1008"}],"curies":[{"name":"wp","href":"https:\/\/api.w.org\/{rel}","templated":true}]}}