{"id":1033,"date":"2025-04-06T13:32:08","date_gmt":"2025-04-06T11:32:08","guid":{"rendered":"https:\/\/itcaraibe.org\/?page_id=1033"},"modified":"2025-12-19T16:00:28","modified_gmt":"2025-12-19T15:00:28","slug":"formulaire-de-recommandation","status":"publish","type":"page","link":"https:\/\/itcaraibe.org\/en\/formulaire-de-recommandation\/","title":{"rendered":"Reference Form"},"content":{"rendered":"<div data-elementor-type=\"wp-page\" data-elementor-id=\"1033\" class=\"elementor elementor-1033\">\n\t\t\t\t<div class=\"elementor-element elementor-element-057537f e-flex e-con-boxed e-con e-parent\" data-id=\"057537f\" data-element_type=\"container\" data-e-type=\"container\">\n\t\t\t\t\t<div class=\"e-con-inner\">\n\t\t\t\t<div class=\"elementor-element elementor-element-da11ff9 elementor-widget elementor-widget-html\" data-id=\"da11ff9\" data-element_type=\"widget\" data-e-type=\"widget\" data-widget_type=\"html.default\">\n\t\t\t\t<div class=\"elementor-widget-container\">\n\t\t\t\t\t<p style=\"text-align: center;\">Download the Reference Form below to be completed by a Pastor:<\/p>\n<center>\n<i class=\"fas fa-file-pdf\"><\/i>\u00a0<a style=\"color: #065b92;\" href=\"https:\/\/itcaraibe.org\/wp-content\/uploads\/2025\/12\/CTI-Pastoral-Recommendation-Form-20251218.pdf\" target=\"_blank\" rel=\"noopener\">CTI - Pastoral Recommendation Form<\/a><\/center>\t\t\t\t<\/div>\n\t\t\t\t<\/div>\n\t\t\t\t\t<\/div>\n\t\t\t\t<\/div>\n\t\t<div class=\"elementor-element elementor-element-88dbed0 e-flex e-con-boxed e-con e-parent\" data-id=\"88dbed0\" data-element_type=\"container\" data-e-type=\"container\">\n\t\t\t\t\t<div class=\"e-con-inner\">\n\t\t\t\t<div class=\"elementor-element elementor-element-92c9178 elementor-widget elementor-widget-html\" data-id=\"92c9178\" data-element_type=\"widget\" data-e-type=\"widget\" data-widget_type=\"html.default\">\n\t\t\t\t<div class=\"elementor-widget-container\">\n\t\t\t\t\t<p style=\"text-align: center;\">Download the Reference Form below to be completed by two people close to the Applicant:<\/p>\n<center>\n<i class=\"fas fa-file-pdf\"><\/i> <a style=\"color: #065b92;\" href=\"https:\/\/itcaraibe.org\/wp-content\/uploads\/2025\/12\/CTI-Applicants-Close-Network-Form-V3_20251218.pdf\" target=\"_blank\" rel=\"noopener\">CTI - Applicant's Close Network Form<\/a><\/center>\t\t\t\t<\/div>\n\t\t\t\t<\/div>\n\t\t\t\t\t<\/div>\n\t\t\t\t<\/div>\n\t\t\t\t<\/div>","protected":false},"excerpt":{"rendered":"<p>T\u00e9l\u00e9chargez le formulaire de recommandation ci-dessous \u00e0 remplir par un Pasteur : \u00a0ITC &#8211; Formulaire de Recommandation du Pasteur T\u00e9l\u00e9chargez le formulaire de recommandation ci-dessous \u00e0 remplir par deux proches du candidat : ITC &#8211; Formulaire de Recommandation Entourage du Candidat<\/p>","protected":false},"author":1,"featured_media":0,"parent":0,"menu_order":0,"comment_status":"closed","ping_status":"closed","template":"","meta":{"footnotes":""},"class_list":["post-1033","page","type-page","status-publish","hentry"],"_links":{"self":[{"href":"https:\/\/itcaraibe.org\/en\/wp-json\/wp\/v2\/pages\/1033","targetHints":{"allow":["GET"]}}],"collection":[{"href":"https:\/\/itcaraibe.org\/en\/wp-json\/wp\/v2\/pages"}],"about":[{"href":"https:\/\/itcaraibe.org\/en\/wp-json\/wp\/v2\/types\/page"}],"author":[{"embeddable":true,"href":"https:\/\/itcaraibe.org\/en\/wp-json\/wp\/v2\/users\/1"}],"replies":[{"embeddable":true,"href":"https:\/\/itcaraibe.org\/en\/wp-json\/wp\/v2\/comments?post=1033"}],"version-history":[{"count":92,"href":"https:\/\/itcaraibe.org\/en\/wp-json\/wp\/v2\/pages\/1033\/revisions"}],"predecessor-version":[{"id":2587,"href":"https:\/\/itcaraibe.org\/en\/wp-json\/wp\/v2\/pages\/1033\/revisions\/2587"}],"wp:attachment":[{"href":"https:\/\/itcaraibe.org\/en\/wp-json\/wp\/v2\/media?parent=1033"}],"curies":[{"name":"wp","href":"https:\/\/api.w.org\/{rel}","templated":true}]}}