{"id":1566,"date":"2025-09-04T21:39:37","date_gmt":"2025-09-04T19:39:37","guid":{"rendered":"https:\/\/itcaraibe.org\/?page_id=1566"},"modified":"2025-12-18T22:01:55","modified_gmt":"2025-12-18T21:01:55","slug":"fiche-de-renseignements-medicaux","status":"publish","type":"page","link":"https:\/\/itcaraibe.org\/en\/fiche-de-renseignements-medicaux\/","title":{"rendered":"Medical Information Form"},"content":{"rendered":"<div data-elementor-type=\"wp-page\" data-elementor-id=\"1566\" class=\"elementor elementor-1566\">\n\t\t\t\t<div class=\"elementor-element elementor-element-28acb15 e-flex e-con-boxed e-con e-parent\" data-id=\"28acb15\" data-element_type=\"container\" data-e-type=\"container\">\n\t\t\t\t\t<div class=\"e-con-inner\">\n\t\t\t\t<div class=\"elementor-element elementor-element-0ff2fb8 elementor-widget elementor-widget-html\" data-id=\"0ff2fb8\" data-element_type=\"widget\" data-e-type=\"widget\" data-widget_type=\"html.default\">\n\t\t\t\t<div class=\"elementor-widget-container\">\n\t\t\t\t\t<p style=\"text-align: center;\">Download the Medical Information Form below:\n\n<\/p>\n<center>\n<i class=\"fas fa-file-pdf\"><\/i> <a style=\"color: #065b92;\" href=\"https:\/\/itcaraibe.org\/wp-content\/uploads\/2025\/12\/CTI-Medical-Information-Form-20251218.pdf\" target=\"_blank\" rel=\"noopener\">CTI - Medical Information Form<\/a>\n<\/center>\t\t\t\t<\/div>\n\t\t\t\t<\/div>\n\t\t\t\t\t<\/div>\n\t\t\t\t<\/div>\n\t\t\t\t<\/div>","protected":false},"excerpt":{"rendered":"<p>T\u00e9l\u00e9chargez la fiche de renseignements m\u00e9dicaux ci-dessous : ITC &#8211; Fiche de Renseignements M\u00e9dicaux<\/p>","protected":false},"author":1,"featured_media":0,"parent":0,"menu_order":0,"comment_status":"closed","ping_status":"closed","template":"","meta":{"footnotes":""},"class_list":["post-1566","page","type-page","status-publish","hentry"],"_links":{"self":[{"href":"https:\/\/itcaraibe.org\/en\/wp-json\/wp\/v2\/pages\/1566","targetHints":{"allow":["GET"]}}],"collection":[{"href":"https:\/\/itcaraibe.org\/en\/wp-json\/wp\/v2\/pages"}],"about":[{"href":"https:\/\/itcaraibe.org\/en\/wp-json\/wp\/v2\/types\/page"}],"author":[{"embeddable":true,"href":"https:\/\/itcaraibe.org\/en\/wp-json\/wp\/v2\/users\/1"}],"replies":[{"embeddable":true,"href":"https:\/\/itcaraibe.org\/en\/wp-json\/wp\/v2\/comments?post=1566"}],"version-history":[{"count":28,"href":"https:\/\/itcaraibe.org\/en\/wp-json\/wp\/v2\/pages\/1566\/revisions"}],"predecessor-version":[{"id":2569,"href":"https:\/\/itcaraibe.org\/en\/wp-json\/wp\/v2\/pages\/1566\/revisions\/2569"}],"wp:attachment":[{"href":"https:\/\/itcaraibe.org\/en\/wp-json\/wp\/v2\/media?parent=1566"}],"curies":[{"name":"wp","href":"https:\/\/api.w.org\/{rel}","templated":true}]}}