{"id":1661,"date":"2025-09-11T21:17:49","date_gmt":"2025-09-11T19:17:49","guid":{"rendered":"https:\/\/itcaraibe.org\/?page_id=1661"},"modified":"2025-11-06T20:46:20","modified_gmt":"2025-11-06T19:46:20","slug":"cursus-par-annee","status":"publish","type":"page","link":"https:\/\/itcaraibe.org\/en\/cursus-par-annee\/","title":{"rendered":"By Year of Study"},"content":{"rendered":"<div data-elementor-type=\"wp-page\" data-elementor-id=\"1661\" class=\"elementor elementor-1661\">\n\t\t\t\t<div class=\"elementor-element elementor-element-21398f5 e-flex e-con-boxed e-con e-parent\" data-id=\"21398f5\" data-element_type=\"container\" data-e-type=\"container\">\n\t\t\t\t\t<div class=\"e-con-inner\">\n\t\t\t\t<div class=\"elementor-element elementor-element-d0e4b46 elementor-widget elementor-widget-heading\" data-id=\"d0e4b46\" data-element_type=\"widget\" data-e-type=\"widget\" data-widget_type=\"heading.default\">\n\t\t\t\t<div class=\"elementor-widget-container\">\n\t\t\t\t\t<h2 class=\"elementor-heading-title elementor-size-default\">FIRST YEAR\t\t\t\t\t\t<\/h2>\t\t\t\t<\/div>\n\t\t\t\t<\/div>\n\t\t\t\t\t<\/div>\n\t\t\t\t<\/div>\n\t\t<div class=\"elementor-element elementor-element-1354983 e-grid e-con-boxed e-con e-parent\" data-id=\"1354983\" data-element_type=\"container\" data-e-type=\"container\">\n\t\t\t\t\t<div class=\"e-con-inner\">\n\t\t\t\t<div class=\"elementor-element elementor-element-5ffcaf4 elementor-widget elementor-widget-html\" data-id=\"5ffcaf4\" data-element_type=\"widget\" data-e-type=\"widget\" data-widget_type=\"html.default\">\n\t\t\t\t<div class=\"elementor-widget-container\">\n\t\t\t\t\t<table class=\"table table-striped table-bordered table-hover\">\n\t\t\t\t\t<thead class=\"table-dark\">\n\t\t\t\t\t\t<tr>\n\t\t\t\t\t\t\t<th colspan=\"3\" style=\"background-color:#4a90e2 !important;color:#fff !important;text-align:center;\">FIRST SEMESTER<\/th>\n\t\t\t\t\t\t<\/tr>\n\t\t\t\t\t\t<tr class=\"table-light\">\n\t\t\t\t\t\t\t<th scope=\"col\">COURSE<\/th>\n\t\t\t\t\t\t\t<th scope=\"col\">CODE<\/th>\n\t\t\t\t\t\t\t<th scope=\"col\">CREDITS<\/th>\n\t\t\t\t\t\t<\/tr>\n\t\t\t\t\t<\/thead>\n\t\t\t\t\t<tbody>\n\t\t\t\t\t\t<tr><td>New Testament Survey<\/td><td><code>BI114<\/code><\/td><td class=\"text-center\">4<\/td><\/tr>\n\t\t\t\t\t\t<tr><td>Introduction to Theology<\/td><td><code>TH103<\/code><\/td><td class=\"text-center\">3<\/td><\/tr>\n\t\t\t\t\t\t<tr><td>Bibliology<\/td><td><code>TH113<\/code><\/td><td class=\"text-center\">3<\/td><\/tr>\n\t\t\t\t\t\t<tr><td>Rhetoric, Public Speaking<\/td><td><code>ED113<\/code><\/td><td class=\"text-center\">3<\/td><\/tr>\n\t\t\t\t\t\t<tr><td>Christian Ethics<\/td><td><code>ED104<\/code><\/td><td class=\"text-center\">4<\/td><\/tr>\n\t\t\t\t\t\t<tr><td>Church History I : From Pentecost to the Reformation<\/td><td><code>HI104<\/code><\/td><td class=\"text-center\">4<\/td><\/tr>\n\t\t\t\t\t\t<tr><td>University Study Methods<\/td><td><code>ED102<\/code><\/td><td class=\"text-center\">2<\/td><\/tr>\n\t\t\t\t\t\t<tr><td>Missiology<\/td><td><code>MI104<\/code><\/td><td class=\"text-center\">4<\/td><\/tr>\n\t\t\t\t\t\t<tr><td>Biblical Greek I<\/td><td><code>LA104<\/code><\/td><td class=\"text-center\">4<\/td><\/tr>\n\t\t\t\t\t\t<tr><td>English I<\/td><td><code>LA144<\/code><\/td><td class=\"text-center\">4<\/td><\/tr>\n\t\t\t\t\t\t<tr><td>French I<\/td><td><code>LA124<\/code><\/td><td class=\"text-center\">4<\/td><\/tr>\n\t\t\t\t\t<\/tbody>\n\t\t\t\t\t<tfoot>\n\t\t\t\t\t\t<tr>\n\t\t\t\t\t\t\t<td style=\"font-weight: bold; text-transform: uppercase;\" colspan=\"2\">Total<\/td>\n\t\t\t\t\t\t\t<td style=\"font-weight: bold;\" class=\"text-center\">39<\/td>\n\t\t\t\t\t\t<\/tr>\n\t\t\t\t\t<\/tfoot>\n\t\t\t\t<\/table>\t\t\t\t<\/div>\n\t\t\t\t<\/div>\n\t\t\t\t<div class=\"elementor-element elementor-element-c684b46 elementor-widget elementor-widget-html\" data-id=\"c684b46\" data-element_type=\"widget\" data-e-type=\"widget\" data-widget_type=\"html.default\">\n\t\t\t\t<div class=\"elementor-widget-container\">\n\t\t\t\t\t<table class=\"table table-striped table-bordered table-hover\">\n\t\t\t\t\t<thead class=\"table-dark\">\n\t\t\t\t\t\t<tr>\n\t\t\t\t\t\t\t<th style=\"background-color: #4a90e2 !important; color: white !important; text-align: center;\" colspan=\"3\">SECOND SEMESTER<\/th>\n\t\t\t\t\t\t<\/tr>\n\t\t\t\t\t\t<tr class=\"table-light\">\n\t\t\t\t\t\t\t<th scope=\"col\">COURSE<\/th>\n\t\t\t\t\t\t\t<th scope=\"col\">CODE<\/th>\n\t\t\t\t\t\t\t<th scope=\"col\">CREDITS<\/th>\n\t\t\t\t\t\t<\/tr>\n\t\t\t\t\t<\/thead>\n\t\t\t\t\t<tbody>\n\t\t\t\t\t\t<tr><td>Old Testament Survey<\/td><td><code>BI104<\/code><\/td><td class=\"text-center\">4<\/td><\/tr>\n\t\t\t\t\t\t<tr><td>Introduction to philosophy<\/td><td><code>ED123<\/code><\/td><td class=\"text-center\">3<\/td><\/tr>\n\t\t\t\t\t\t<tr><td>Christology, Soteriology and Hamartiology<\/td><td><code>TH104<\/code><\/td><td class=\"text-center\">4<\/td><\/tr>\n\t\t\t\t\t\t<tr><td>Hermeneutics (How to Interpret the Bible)<\/td><td><code>BI134<\/code><\/td><td class=\"text-center\">4<\/td><\/tr>\n\t\t\t\t\t\t<tr><td>Gospel of John and Johannine Epistles<\/td><td><code>BI124<\/code><\/td><td class=\"text-center\">4<\/td><\/tr>\n\t\t\t\t\t\t<tr><td>History of the Church II: From the Reformation to the Present Day<\/td><td><code>HI114<\/code><\/td><td class=\"text-center\">4<\/td><\/tr>\n\t\t\t\t\t\t<tr><td>Research Methods<\/td><td><code>ED103<\/code><\/td><td class=\"text-center\">3<\/td><\/tr>\n\t\t\t\t\t\t<tr><td><\/td><td><code>&nbsp;<\/code><\/ode><\/td><td><\/td><\/tr>\n\t\t\t\t\t\t<tr><td>Biblical Greek II<\/td><td><code>LA114<\/code><\/td><td class=\"text-center\">4<\/td><\/tr>\n\t\t\t\t\t\t<tr><td>English II<\/td><td><code>LA154<\/code><\/td><td class=\"text-center\">4<\/td><\/tr>\n\t\t\t\t\t\t<tr><td>French II<\/td><td><code>LA134<\/code><\/td><td class=\"text-center\">4<\/td><\/tr>\n\t\t\t\t\t<\/tbody>\n\t\t\t\t\t<tfoot>\n\t\t\t\t\t\t<tr>\n\t\t\t\t\t\t\t<td style=\"font-weight: bold; text-transform: uppercase;\" colspan=\"2\">Total<\/td>\n\t\t\t\t\t\t\t<td style=\"font-weight: bold;\" class=\"text-center\">38<\/td>\n\t\t\t\t\t\t<\/tr>\n\t\t\t\t\t<\/tfoot>\n\t\t\t\t\t<\/tbody>\n\t\t\t\t<\/table>\t\t\t\t<\/div>\n\t\t\t\t<\/div>\n\t\t\t\t\t<\/div>\n\t\t\t\t<\/div>\n\t\t<div class=\"elementor-element elementor-element-7d8775d e-flex e-con-boxed e-con e-parent\" data-id=\"7d8775d\" data-element_type=\"container\" data-e-type=\"container\">\n\t\t\t\t\t<div class=\"e-con-inner\">\n\t\t<div class=\"elementor-element elementor-element-b8163eb e-con-full e-flex e-con e-child\" data-id=\"b8163eb\" data-element_type=\"container\" data-e-type=\"container\">\n\t\t\t\t<div class=\"elementor-element elementor-element-001cdb5 elementor-widget elementor-widget-heading\" data-id=\"001cdb5\" data-element_type=\"widget\" data-e-type=\"widget\" data-widget_type=\"heading.default\">\n\t\t\t\t<div class=\"elementor-widget-container\">\n\t\t\t\t\t<h2 class=\"elementor-heading-title elementor-size-default\">SECOND YEAR\t\t\t\t\t\t<\/h2>\t\t\t\t<\/div>\n\t\t\t\t<\/div>\n\t\t\t\t<\/div>\n\t\t\t\t\t<\/div>\n\t\t\t\t<\/div>\n\t\t<div class=\"elementor-element elementor-element-6611255 e-grid e-con-boxed e-con e-parent\" data-id=\"6611255\" data-element_type=\"container\" data-e-type=\"container\">\n\t\t\t\t\t<div class=\"e-con-inner\">\n\t\t\t\t<div class=\"elementor-element elementor-element-42cc9f1 elementor-widget elementor-widget-html\" data-id=\"42cc9f1\" data-element_type=\"widget\" data-e-type=\"widget\" data-widget_type=\"html.default\">\n\t\t\t\t<div class=\"elementor-widget-container\">\n\t\t\t\t\t<table class=\"table table-striped table-bordered table-hover\">\n\t\t\t\t\t<thead>\n                        <tr>\n                            <th colspan=\"3\" style=\"background-color: #4a90e2 !important; color: #ffffff !important; text-align: center; font-weight: 700;\">\n                                FIRST SEMESTER\n                            <\/th>\n                        <\/tr>\n                        <tr class=\"table-light\">\n                            <th scope=\"col\">COURSE<\/th>\n                            <th scope=\"col\">CODE<\/th>\n                            <th scope=\"col\">CREDITS<\/th>\n                        <\/tr>\n                    <\/thead>\n\t\t\t\t\t<tbody>\n\t\t\t\t\t\t<tr><td>Epistle to the Romans<\/td><td><code>BI254<\/code><\/td><td class=\"text-center\">4<\/td><\/tr>\n\t\t\t\t\t\t<tr><td>Acts of the Apostles<\/td><td><code>BI244<\/code><\/td><td class=\"text-center\">4<\/td><\/tr>\n\t\t\t\t\t\t<tr><td>Pneumatology<\/td><td><code>TH224<\/code><\/td><td class=\"text-center\">4<\/td><\/tr>\n\t\t\t\t\t\t<tr><td>Church History III: History of Revival Movements<\/td><td><code>HI204<\/code><\/td><td class=\"text-center\">4<\/td><\/tr>\n\t\t\t\t\t\t<tr><td>Homiletics (How to Preach)<\/td><td><code>MI204<\/code><\/td><td class=\"text-center\">4<\/td><\/tr>\n\t\t\t\t\t\t<tr><td>Church Management<\/td><td><code>MI224<\/code><\/td><td class=\"text-center\">4<\/td><\/tr>\n\t\t\t\t\t\t<tr><td>Introduction to psychology<\/td><td><code>ED214<\/code><\/td><td class=\"text-center\">4<\/td><\/tr>\n\t\t\t\t\t\t<tr><td>Archaeology and the Bible<\/td><td><code>HI214<\/code><\/td><td class=\"text-center\">4<\/td><\/tr>\n\t\t\t\t\t\t<tr><td>Biblical Greek III<\/td><td><code>LA203<\/code><\/td><td class=\"text-center\">3<\/td><\/tr>\n\t\t\t\t\t\t<tr><td>Biblical Hebrew I<\/td><td><code>LA204<\/code><\/td><td class=\"text-center\">4<\/td><\/tr>\n\t\t\t\t\t\t<tr><td>English III<\/td><td><code>LA244<\/code><\/td><td class=\"text-center\">4<\/td><\/tr>\n\t\t\t\t\t\t<tr><td>French III<\/td><td><code>LA224<\/code><\/td><td class=\"text-center\">4<\/td><\/tr>\n\t\t\t\t\t<\/tbody>\n\t\t\t\t\t<tfoot>\n\t\t\t\t\t\t<tr>\n\t\t\t\t\t\t\t<td style=\"font-weight: bold; text-transform: uppercase;\" colspan=\"2\">Total<\/td>\n\t\t\t\t\t\t\t<td style=\"font-weight: bold;\" class=\"text-center\">47<\/td>\n\t\t\t\t\t\t<\/tr>\n\t\t\t\t\t<\/tfoot>\n\t\t\t\t<\/table>\t\t\t\t<\/div>\n\t\t\t\t<\/div>\n\t\t\t\t<div class=\"elementor-element elementor-element-f883095 elementor-widget elementor-widget-html\" data-id=\"f883095\" data-element_type=\"widget\" data-e-type=\"widget\" data-widget_type=\"html.default\">\n\t\t\t\t<div class=\"elementor-widget-container\">\n\t\t\t\t\t<table class=\"table table-striped table-bordered table-hover\">\n\t\t\t\t\t<thead>\n\t\t\t\t\t\t<tr>\n\t\t\t\t\t\t\t<th colspan=\"3\" style=\"background-color: #4a90e2 !important; color: #ffffff !important; text-align: center; font-weight: 700;\">\n\t\t\t\t\t\t\t\tSECOND SEMESTER\n\t\t\t\t\t\t\t<\/th>\n\t\t\t\t\t\t<\/tr>\n\t\t\t\t\t\t<tr class=\"table-light\">\n\t\t\t\t\t\t\t<th scope=\"col\">COURSE<\/th>\n\t\t\t\t\t\t\t<th scope=\"col\">CODE<\/th>\n\t\t\t\t\t\t\t<th scope=\"col\">CREDITS<\/th>\n\t\t\t\t\t\t<\/tr>\n\t\t\t\t\t<\/thead>\n\t\t\t\t\t<tbody>\n\t\t\t\t\t\t<tr><td>Isaiah<\/td><td><code>BI204<\/code><\/td><td class=\"text-center\">4<\/td><\/tr>\n\t\t\t\t\t\t<tr><td>Poetical Books<\/td><td><code>BI234<\/code><\/td><td class=\"text-center\">4<\/td><\/tr>\n\t\t\t\t\t\t<tr><td>Ecclesiology<\/td><td><code>TH204<\/code><\/td><td class=\"text-center\">4<\/td><\/tr>\n\t\t\t\t\t\t<tr><td>Eschatology<\/td><td><code>TH212<\/code><\/td><td class=\"text-center\">2<\/td><\/tr>\n\t\t\t\t\t\t<tr><td>Comparative Religions<\/td><td><code>MI214<\/code><\/td><td class=\"text-center\">4<\/td><\/tr>\n\t\t\t\t\t\t<tr><td>Introduction to News Media<\/td><td><code>ED204<\/code><\/td><td class=\"text-center\">4<\/td><\/tr>\n\t\t\t\t\t\t<tr><td>Evangelism<\/td><td><code>MI234<\/code><\/td><td class=\"text-center\">4<\/td><\/tr>\n\t\t\t\t\t\t<tr><td>Synoptic Gospels<\/td><td><code>BI224<\/code><\/td><td class=\"text-center\">4<\/td><\/tr>\n\t\t\t\t\t\t<tr><td>Biblical Greek IV<\/td><td><code>LA213<\/code><\/td><td class=\"text-center\">3<\/td><\/tr>\n\t\t\t\t\t\t<tr><td>Biblical Hebrew II<\/td><td><code>LA214<\/code><\/td><td class=\"text-center\">4<\/td><\/tr>\n\t\t\t\t\t\t<tr><td>English IV<\/td><td><code>LA254<\/code><\/td><td class=\"text-center\">4<\/td><\/tr>\n\t\t\t\t\t\t<tr><td>French IV<\/td><td><code>LA234<\/code><\/td><td class=\"text-center\">4<\/td><\/tr>\n\t\t\t\t\t<\/tbody>\n\t\t\t\t\t<tfoot>\n\t\t\t\t\t\t<tr>\n\t\t\t\t\t\t\t<td style=\"font-weight: bold; text-transform: uppercase;\" colspan=\"2\">Total<\/td>\n\t\t\t\t\t\t\t<td style=\"font-weight: bold;\" class=\"text-center\">47<\/td>\n\t\t\t\t\t\t<\/tr>\n\t\t\t\t\t<\/tfoot>\n\t\t\t\t<\/table>\t\t\t\t<\/div>\n\t\t\t\t<\/div>\n\t\t\t\t\t<\/div>\n\t\t\t\t<\/div>\n\t\t<div class=\"elementor-element elementor-element-38cbd20 e-flex e-con-boxed e-con e-parent\" data-id=\"38cbd20\" data-element_type=\"container\" data-e-type=\"container\">\n\t\t\t\t\t<div class=\"e-con-inner\">\n\t\t<div class=\"elementor-element elementor-element-32b8d7a e-con-full e-flex e-con e-child\" data-id=\"32b8d7a\" data-element_type=\"container\" data-e-type=\"container\">\n\t\t\t\t<div class=\"elementor-element elementor-element-41a83af elementor-widget elementor-widget-heading\" data-id=\"41a83af\" data-element_type=\"widget\" data-e-type=\"widget\" data-widget_type=\"heading.default\">\n\t\t\t\t<div class=\"elementor-widget-container\">\n\t\t\t\t\t<h2 class=\"elementor-heading-title elementor-size-default\">THIRD YEAR\t\t\t\t\t\t<\/h2>\t\t\t\t<\/div>\n\t\t\t\t<\/div>\n\t\t\t\t<\/div>\n\t\t\t\t\t<\/div>\n\t\t\t\t<\/div>\n\t\t<div class=\"elementor-element elementor-element-71ea0ae e-grid e-con-boxed e-con e-parent\" data-id=\"71ea0ae\" data-element_type=\"container\" data-e-type=\"container\">\n\t\t\t\t\t<div class=\"e-con-inner\">\n\t\t\t\t<div class=\"elementor-element elementor-element-79be986 elementor-widget elementor-widget-html\" data-id=\"79be986\" data-element_type=\"widget\" data-e-type=\"widget\" data-widget_type=\"html.default\">\n\t\t\t\t<div class=\"elementor-widget-container\">\n\t\t\t\t\t<table class=\"table table-striped table-bordered table-hover\">\n\t\t\t\t\t<thead>\n\t\t\t\t\t\t<tr>\n\t\t\t\t\t\t\t<th colspan=\"3\" style=\"background-color: #4a90e2 !important; color: #ffffff !important; text-align: center; font-weight: 700;\">\n\t\t\t\t\t\t\t\tFIRST SEMESTER\n\t\t\t\t\t\t\t<\/th>\n\t\t\t\t\t\t<\/tr>\n\t\t\t\t\t\t<tr class=\"table-light\">\n\t\t\t\t\t\t\t<th scope=\"col\">COURSE<\/th>\n\t\t\t\t\t\t\t<th scope=\"col\">CODE<\/th>\n\t\t\t\t\t\t\t<th scope=\"col\">CREDITS<\/th>\n\t\t\t\t\t\t<\/tr>\n\t\t\t\t\t<\/thead>\n\t\t\t\t\t<tbody>\n\t\t\t\t\t\t<tr><td>Pentateuch<\/td><td><code>BI304<\/code><\/td><td class=\"text-center\">4<\/td><\/tr>\n\t\t\t\t\t\t<tr><td>Prison Epistles<\/td><td><code>BI384<\/code><\/td><td class=\"text-center\">4<\/td><\/tr>\n\t\t\t\t\t\t<tr><td>General Epistles<\/td><td><code>BI394<\/code><\/td><td class=\"text-center\">4<\/td><\/tr>\n\t\t\t\t\t\t<tr><td>Revelation<\/td><td><code>BI374<\/code><\/td><td class=\"text-center\">4<\/td><\/tr>\n\t\t\t\t\t\t<tr><td>Prophetical Books<\/td><td><code>BI334<\/code><\/td><td class=\"text-center\">4<\/td><\/tr>\n\t\t\t\t\t\t<tr><td>Pastoral Theology<\/td><td><code>TH314<\/code><\/td><td class=\"text-center\">4<\/td><\/tr>\n\t\t\t\t\t\t<tr><td>Children's ministry<\/td><td><code>MI303<\/code><\/td><td class=\"text-center\">3<\/td><\/tr>\n\t\t\t\t\t\t<tr><td>Exegesis (Interpretation of Biblical Texts)<\/td><td><code>BI344<\/code><\/td><td class=\"text-center\">4<\/td><\/tr>\n\t\t\t\t\t\t<tr><td>Leadership<\/td><td><code>ED324<\/code><\/td><td class=\"text-center\">4<\/td><\/tr>\n\t\t\t\t\t\t<tr><td>Pastoral Counseling<\/td><td><code>MI314<\/code><\/td><td class=\"text-center\">4<\/td><\/tr>\n\t\t\t\t\t\t<tr><td>Music, liturgy and Christian worship<\/td><td><code>MU303<\/code><\/td><td class=\"text-center\">3<\/td><\/tr>\n\t\t\t\t\t\t<tr><td>Biblical Hebrew III<\/td><td><code>LA304<\/code><\/td><td class=\"text-center\">4<\/td><\/tr>\n\t\t\t\t\t<tfoot>\n\t\t\t\t\t\t<tr>\n\t\t\t\t\t\t\t<td style=\"font-weight: bold; text-transform: uppercase;\" colspan=\"2\">Total<\/td>\n\t\t\t\t\t\t\t<td style=\"font-weight: bold;\" class=\"text-center\">46<\/td>\n\t\t\t\t\t\t<\/tr>\n\t\t\t\t\t<\/tfoot>\n\t\t\t\t<\/table>\t\t\t\t<\/div>\n\t\t\t\t<\/div>\n\t\t\t\t<div class=\"elementor-element elementor-element-9fa13df elementor-widget elementor-widget-html\" data-id=\"9fa13df\" data-element_type=\"widget\" data-e-type=\"widget\" data-widget_type=\"html.default\">\n\t\t\t\t<div class=\"elementor-widget-container\">\n\t\t\t\t\t<table class=\"table table-striped table-bordered table-hover\">\n\t\t\t\t\t<thead>\n\t\t\t\t\t\t<tr>\n\t\t\t\t\t\t\t<th colspan=\"3\" style=\"background-color: #4a90e2 !important; color: #ffffff !important; text-align: center; font-weight: 700;\">\n\t\t\t\t\t\t\t\tSECOND SEMESTER\n\t\t\t\t\t\t\t<\/th>\n\t\t\t\t\t\t<\/tr>\n\t\t\t\t\t\t<tr class=\"table-light\">\n\t\t\t\t\t\t\t<th scope=\"col\">COURSE<\/th>\n\t\t\t\t\t\t\t<th scope=\"col\">CODE<\/th>\n\t\t\t\t\t\t\t<th scope=\"col\">CREDITS<\/th>\n\t\t\t\t\t\t<\/tr>\n\t\t\t\t\t<\/thead>\n\t\t\t\t\t<tbody>\n\t\t\t\t\t\t<tr><td>Former Prophets<\/td><td><code>BI314<\/code><\/td><td class=\"text-center\">4<\/td><\/tr>\n\t\t\t\t\t\t<tr><td>Epistle to the Hebrews<\/td><td><code>BI364<\/code><\/td><td class=\"text-center\">4<\/td><\/tr>\n\t\t\t\t\t\t<tr><td>Biblical Theology<\/td><td><code>TH304<\/code><\/td><td class=\"text-center\">4<\/td><\/tr>\n\t\t\t\t\t\t<tr><td>Psalms<\/td><td><code>BI324<\/code><\/td><td class=\"text-center\">4<\/td><\/tr>\n\t\t\t\t\t\t<tr><td>Pastoral Epistles<\/td><td><code>BI354<\/code><\/td><td class=\"text-center\">4<\/td><\/tr>\n\t\t\t\t\t\t<tr><td>Apologetics<\/td><td><code>ED314<\/code><\/td><td class=\"text-center\">4<\/td><\/tr>\n\t\t\t\t\t\t<tr><td>Youth ministry<\/td><td><code>MI313<\/code><\/td><td class=\"text-center\">3<\/td><\/tr>\n\t\t\t\t\t\t<tr><td>Intercultural Communication<\/td><td><code>ED304<\/code><\/td><td class=\"text-center\">4<\/td><\/tr>\n\t\t\t\t\t\t<tr><td>Church Planting and Growth<\/td><td><code>MI304<\/code><\/td><td class=\"text-center\">4<\/td><\/tr>\n\t\t\t\t\t\t<tr><td>Instruments (Piano, Guitar...)<\/td><td><code>MU313<\/code><\/td><td class=\"text-center\">3<\/td><\/tr>\n\t\t\t\t\t\t<tr><td>Voice\/Choir<\/td><td><code>MU302<\/code><\/td><td class=\"text-center\">2<\/td><\/tr>\n\t\t\t\t\t\t<tr><td>Biblical Hebrew IV<\/td><td><code>LA314<\/code><\/td><td class=\"text-center\">4<\/td><\/tr>\n\t\t\t\t\t<tfoot>\n\t\t\t\t\t\t<tr>\n\t\t\t\t\t\t\t<td style=\"font-weight: bold; text-transform: uppercase;\" colspan=\"2\">Total<\/td>\n\t\t\t\t\t\t\t<td style=\"font-weight: bold;\" class=\"text-center\">44<\/td>\n\t\t\t\t\t\t<\/tr>\n\t\t\t\t\t<\/tfoot>\n\t\t\t\t<\/table>\t\t\t\t<\/div>\n\t\t\t\t<\/div>\n\t\t\t\t\t<\/div>\n\t\t\t\t<\/div>\n\t\t\t\t<\/div>","protected":false},"excerpt":{"rendered":"<p>PREMI\u00c8RE ANN\u00c9E PREMIER SEMESTRE COURS CODE ECTS Survol du Nouveau Testament BI114 4 Introduction \u00e0 la th\u00e9ologie TH103 3 Bibliologie TH113 3 Rh\u00e9torique, Prise de parole en public ED113 3 \u00c9thique chr\u00e9tienne ED104 4 Histoire de l&#8217;\u00c9glise I : De la Pentec\u00f4te \u00e0 la R\u00e9forme HI104 4 M\u00e9thodes d&#8217;\u00e9tudes universitaires ED102 2 Missiologie MI104 4 [&hellip;]<\/p>\n","protected":false},"author":1,"featured_media":0,"parent":0,"menu_order":0,"comment_status":"closed","ping_status":"closed","template":"","meta":{"footnotes":""},"class_list":["post-1661","page","type-page","status-publish","hentry"],"_links":{"self":[{"href":"https:\/\/itcaraibe.org\/en\/wp-json\/wp\/v2\/pages\/1661","targetHints":{"allow":["GET"]}}],"collection":[{"href":"https:\/\/itcaraibe.org\/en\/wp-json\/wp\/v2\/pages"}],"about":[{"href":"https:\/\/itcaraibe.org\/en\/wp-json\/wp\/v2\/types\/page"}],"author":[{"embeddable":true,"href":"https:\/\/itcaraibe.org\/en\/wp-json\/wp\/v2\/users\/1"}],"replies":[{"embeddable":true,"href":"https:\/\/itcaraibe.org\/en\/wp-json\/wp\/v2\/comments?post=1661"}],"version-history":[{"count":119,"href":"https:\/\/itcaraibe.org\/en\/wp-json\/wp\/v2\/pages\/1661\/revisions"}],"predecessor-version":[{"id":2468,"href":"https:\/\/itcaraibe.org\/en\/wp-json\/wp\/v2\/pages\/1661\/revisions\/2468"}],"wp:attachment":[{"href":"https:\/\/itcaraibe.org\/en\/wp-json\/wp\/v2\/media?parent=1661"}],"curies":[{"name":"wp","href":"https:\/\/api.w.org\/{rel}","templated":true}]}}