{"id":2210,"date":"2025-10-09T20:54:04","date_gmt":"2025-10-09T18:54:04","guid":{"rendered":"https:\/\/itcaraibe.org\/?page_id=2210"},"modified":"2025-10-09T20:56:11","modified_gmt":"2025-10-09T18:56:11","slug":"bibliotheque","status":"publish","type":"page","link":"https:\/\/itcaraibe.org\/en\/bibliotheque\/","title":{"rendered":"Library"},"content":{"rendered":"<div data-elementor-type=\"wp-page\" data-elementor-id=\"2210\" class=\"elementor elementor-2210\">\n\t\t\t\t<div class=\"elementor-element elementor-element-86f650b e-flex e-con-boxed e-con e-parent\" data-id=\"86f650b\" data-element_type=\"container\" data-e-type=\"container\">\n\t\t\t\t\t<div class=\"e-con-inner\">\n\t\t\t\t<div class=\"elementor-element elementor-element-8cc010b elementor-widget elementor-widget-html\" data-id=\"8cc010b\" data-element_type=\"widget\" data-e-type=\"widget\" data-widget_type=\"html.default\">\n\t\t\t\t<div class=\"elementor-widget-container\">\n\t\t\t\t\t<p>With a low subscription fee, our students will have access to an online library of over a million books in all areas of learning and approximately 90,000 works on theology and religion.\n<\/p>\t\t\t\t<\/div>\n\t\t\t\t<\/div>\n\t\t\t\t\t<\/div>\n\t\t\t\t<\/div>\n\t\t\t\t<\/div>","protected":false},"excerpt":{"rendered":"<p>Gr\u00e2ce \u00e0 un abonnement modique, nos \u00e9tudiant(e)s auront un acc\u00e8s \u00e0 une biblioth\u00e8que en ligne de plus d&#8217;un million d&#8217;ouvrage dans tous les domaines d&#8217;apprentissage et d&#8217;environ 90&#8217;000 ouvrages de th\u00e9ologie et religion.<\/p>","protected":false},"author":1,"featured_media":0,"parent":0,"menu_order":0,"comment_status":"closed","ping_status":"closed","template":"","meta":{"footnotes":""},"class_list":["post-2210","page","type-page","status-publish","hentry"],"_links":{"self":[{"href":"https:\/\/itcaraibe.org\/en\/wp-json\/wp\/v2\/pages\/2210","targetHints":{"allow":["GET"]}}],"collection":[{"href":"https:\/\/itcaraibe.org\/en\/wp-json\/wp\/v2\/pages"}],"about":[{"href":"https:\/\/itcaraibe.org\/en\/wp-json\/wp\/v2\/types\/page"}],"author":[{"embeddable":true,"href":"https:\/\/itcaraibe.org\/en\/wp-json\/wp\/v2\/users\/1"}],"replies":[{"embeddable":true,"href":"https:\/\/itcaraibe.org\/en\/wp-json\/wp\/v2\/comments?post=2210"}],"version-history":[{"count":6,"href":"https:\/\/itcaraibe.org\/en\/wp-json\/wp\/v2\/pages\/2210\/revisions"}],"predecessor-version":[{"id":2216,"href":"https:\/\/itcaraibe.org\/en\/wp-json\/wp\/v2\/pages\/2210\/revisions\/2216"}],"wp:attachment":[{"href":"https:\/\/itcaraibe.org\/en\/wp-json\/wp\/v2\/media?parent=2210"}],"curies":[{"name":"wp","href":"https:\/\/api.w.org\/{rel}","templated":true}]}}