{"id":2231,"date":"2025-10-09T21:02:28","date_gmt":"2025-10-09T19:02:28","guid":{"rendered":"https:\/\/itcaraibe.org\/?page_id=2231"},"modified":"2025-10-16T21:52:42","modified_gmt":"2025-10-16T19:52:42","slug":"conditions-dadmission","status":"publish","type":"page","link":"https:\/\/itcaraibe.org\/en\/conditions-dadmission\/","title":{"rendered":"Admission Requirements"},"content":{"rendered":"\t\t<div data-elementor-type=\"wp-page\" data-elementor-id=\"2231\" class=\"elementor elementor-2231\">\n\t\t\t\t<div class=\"elementor-element elementor-element-58b2e79 e-flex e-con-boxed e-con e-parent\" data-id=\"58b2e79\" data-element_type=\"container\" data-e-type=\"container\">\n\t\t\t\t\t<div class=\"e-con-inner\">\n\t\t\t\t<div class=\"elementor-element elementor-element-4d03a58 elementor-widget elementor-widget-heading\" data-id=\"4d03a58\" data-element_type=\"widget\" data-e-type=\"widget\" data-widget_type=\"heading.default\">\n\t\t\t\t<div class=\"elementor-widget-container\">\n\t\t\t\t\t<h2 class=\"elementor-heading-title elementor-size-default\">Nos conditions d\u2019admission<\/h2>\t\t\t\t<\/div>\n\t\t\t\t<\/div>\n\t\t\t\t<div class=\"elementor-element elementor-element-0829ba9 elementor-widget elementor-widget-html\" data-id=\"0829ba9\" data-element_type=\"widget\" data-e-type=\"widget\" data-widget_type=\"html.default\">\n\t\t\t\t<div class=\"elementor-widget-container\">\n\t\t\t\t\t<div style=\"margin-left: 4px\">\r\n    <ol style=\"font-size: 17px; color: black; margin-top: -10px\">\r\n    <li>Faire preuve d\u2019une r\u00e9elle conversion chr\u00e9tienne.<\/li>\r\n    <li>Avoir r\u00e9ussi ses \u00e9tudes secondaires ou l\u2019\u00e9quivalent.<\/li>\r\n    <li>Avoir rempli les 3 trois types de formulaires demand\u00e9s et fourni les pi\u00e8ces y aff\u00e9rentes. \u2014 [Les trois types de formulaires demand\u00e9s sont le formulaire d'inscription, les trois formulaires de recommandation (celui de son pasteur et ceux de deux de ses proches) et la fiche de renseignements m\u00e9dicaux.]<\/li>\r\n    <\/ol>\r\n<\/div>\t\t\t\t<\/div>\n\t\t\t\t<\/div>\n\t\t\t\t\t<\/div>\n\t\t\t\t<\/div>\n\t\t\t\t<\/div>\n\t\t","protected":false},"excerpt":{"rendered":"<p>Nos conditions d\u2019admission Faire preuve d\u2019une r\u00e9elle conversion chr\u00e9tienne. Avoir r\u00e9ussi ses \u00e9tudes secondaires ou l\u2019\u00e9quivalent. Avoir rempli les 3 trois types de formulaires demand\u00e9s et fourni les pi\u00e8ces y aff\u00e9rentes. \u2014 [Les trois types de formulaires demand\u00e9s sont le formulaire d&#8217;inscription, les trois formulaires de recommandation (celui de son pasteur et ceux de deux [&hellip;]<\/p>\n","protected":false},"author":1,"featured_media":0,"parent":0,"menu_order":0,"comment_status":"closed","ping_status":"closed","template":"","meta":{"footnotes":""},"class_list":["post-2231","page","type-page","status-publish","hentry"],"_links":{"self":[{"href":"https:\/\/itcaraibe.org\/en\/wp-json\/wp\/v2\/pages\/2231","targetHints":{"allow":["GET"]}}],"collection":[{"href":"https:\/\/itcaraibe.org\/en\/wp-json\/wp\/v2\/pages"}],"about":[{"href":"https:\/\/itcaraibe.org\/en\/wp-json\/wp\/v2\/types\/page"}],"author":[{"embeddable":true,"href":"https:\/\/itcaraibe.org\/en\/wp-json\/wp\/v2\/users\/1"}],"replies":[{"embeddable":true,"href":"https:\/\/itcaraibe.org\/en\/wp-json\/wp\/v2\/comments?post=2231"}],"version-history":[{"count":27,"href":"https:\/\/itcaraibe.org\/en\/wp-json\/wp\/v2\/pages\/2231\/revisions"}],"predecessor-version":[{"id":2408,"href":"https:\/\/itcaraibe.org\/en\/wp-json\/wp\/v2\/pages\/2231\/revisions\/2408"}],"wp:attachment":[{"href":"https:\/\/itcaraibe.org\/en\/wp-json\/wp\/v2\/media?parent=2231"}],"curies":[{"name":"wp","href":"https:\/\/api.w.org\/{rel}","templated":true}]}}