{"id":23,"date":"2024-03-11T06:50:46","date_gmt":"2024-03-11T06:50:46","guid":{"rendered":"http:\/\/localhost\/scholary\/?page_id=23"},"modified":"2025-10-30T22:24:24","modified_gmt":"2025-10-30T21:24:24","slug":"frais-des-etudes","status":"publish","type":"page","link":"https:\/\/itcaraibe.org\/en\/frais-des-etudes\/","title":{"rendered":"Tuition Fees"},"content":{"rendered":"<div data-elementor-type=\"wp-page\" data-elementor-id=\"23\" class=\"elementor elementor-23\">\n\t\t\t\t<div class=\"elementor-element elementor-element-f8ff34d e-flex e-con-boxed e-con e-parent\" data-id=\"f8ff34d\" data-element_type=\"container\" data-e-type=\"container\">\n\t\t\t\t\t<div class=\"e-con-inner\">\n\t\t\t\t<div class=\"elementor-element elementor-element-43168a8 elementor-widget elementor-widget-spacer\" data-id=\"43168a8\" data-element_type=\"widget\" data-e-type=\"widget\" data-widget_type=\"spacer.default\">\n\t\t\t\t<div class=\"elementor-widget-container\">\n\t\t\t\t\t\t\t<div class=\"elementor-spacer\">\n\t\t\t<div class=\"elementor-spacer-inner\"><\/div>\n\t\t<\/div>\n\t\t\t\t\t\t<\/div>\n\t\t\t\t<\/div>\n\t\t\t\t<div class=\"elementor-element elementor-element-ac6762f elementor-widget elementor-widget-text-editor\" data-id=\"ac6762f\" data-element_type=\"widget\" data-e-type=\"widget\" data-widget_type=\"text-editor.default\">\n\t\t\t\t<div class=\"elementor-widget-container\">\n\t\t\t\t\t\t\t\t\t<p class=\"p1\" style=\"text-align: justify;\">At the Caribbean Theological Institute, we strive for excellence in all areas. That's why, at the academic level, we recruit professors of the highest competence in each subject, to offer our students quality teaching to help them in their ministry and their personal life with God. This represents a substantial cost which we avoid passing on entirely to our students, by seeking support from churches, Christian institutions and willing servants of God who share our vision. The sums we ask from our students below do not cover half the institute's operating costs, not to mention start-up costs. Everyone makes a non-profit effort for the glory of God.<\/p>\t\t\t\t\t\t\t\t<\/div>\n\t\t\t\t<\/div>\n\t\t\t\t\t<\/div>\n\t\t\t\t<\/div>\n\t\t<div class=\"elementor-element elementor-element-786535d e-flex e-con-boxed e-con e-parent\" data-id=\"786535d\" data-element_type=\"container\" data-e-type=\"container\">\n\t\t\t\t\t<div class=\"e-con-inner\">\n\t\t\t\t<div class=\"elementor-element elementor-element-477cfd3 elementor-widget elementor-widget-text-editor\" data-id=\"477cfd3\" data-element_type=\"widget\" data-e-type=\"widget\" data-widget_type=\"text-editor.default\">\n\t\t\t\t<div class=\"elementor-widget-container\">\n\t\t\t\t\t\t\t\t\t<table style=\"color: black; font-size: 20px;\" align=\"center\">\n<tbody>\n<tr>\n<td>Registration fees<\/td>\n<td>100 \u20ac (non-refundable)<\/td>\n<\/tr>\n<tr>\n<td>Course prices separately per ECTS*<\/td>\n<td>70 \u20ac<\/td>\n<\/tr>\n<tr>\n<td>Course fees for the semester of 30 ECTS credits<\/td>\n<td>1 000 \u20ac<\/td>\n<\/tr>\n<tr>\n<td>Course fees for the year of 60 ECTS credits<\/td>\n<td>2 000 \u20ac<\/td>\n<\/tr>\n<tr>\n<td>Course fees for the year of 60 ECTS credits for one married couple<\/td>\n<td>3 000 \u20ac<\/td>\n<\/tr>\n<tr>\n<td>Initial payment at the start of classess<\/td>\n<td>500 \u20ac<\/td>\n<\/tr>\n<tr>\n<td>Monthly balance payment<\/td>\n<td>100 \u20ac<\/td>\n<\/tr>\n<tr>\n<td>Online Library Subscription**<\/td>\n<td>50 \u20ac<\/td>\n<\/tr>\n<\/tbody>\n<\/table>\t\t\t\t\t\t\t\t<\/div>\n\t\t\t\t<\/div>\n\t\t\t\t<div class=\"elementor-element elementor-element-a832a58 elementor-widget elementor-widget-html\" data-id=\"a832a58\" data-element_type=\"widget\" data-e-type=\"widget\" data-widget_type=\"html.default\">\n\t\t\t\t<div class=\"elementor-widget-container\">\n\t\t\t\t\t<p>\n    For students who are taking the full course, both the weekday and Saturday classes, only one deposit is required, which is \u20ac500. The registration fees are the same for everyone.\n<\/p>\t\t\t\t<\/div>\n\t\t\t\t<\/div>\n\t\t\t\t\t<\/div>\n\t\t\t\t<\/div>\n\t\t<div class=\"elementor-element elementor-element-4831a8f e-flex e-con-boxed e-con e-parent\" data-id=\"4831a8f\" data-element_type=\"container\" data-e-type=\"container\">\n\t\t\t\t\t<div class=\"e-con-inner\">\n\t\t\t\t<div class=\"elementor-element elementor-element-e62d2ca elementor-widget elementor-widget-text-editor\" data-id=\"e62d2ca\" data-element_type=\"widget\" data-e-type=\"widget\" data-widget_type=\"text-editor.default\">\n\t\t\t\t<div class=\"elementor-widget-container\">\n\t\t\t\t\t\t\t\t\t<p class=\"p1\" style=\"text-align: justify\">*ECTS (European Credit Transfer and Accumulation System), also known as European credit, is a unit of measurement for higher education qualifications at the European level. It allows for the harmonization of training in all European countries and the recognition of qualifications beyond their borders. One semester is equivalent to 30 ECTS, one year to 60 ECTS, and three years to 180 ECTS (bachelor's degree). Once the bachelor's degree has been obtained, one can obtain a master's degree, which lasts two years, or an additional 120 ECTS. The European credit corresponds to 25-30 hours of academic work provided by the student, or approximately 12 hours of coursework and the rest in personal work.<\/p>\t\t\t\t\t\t\t\t<\/div>\n\t\t\t\t<\/div>\n\t\t\t\t\t<\/div>\n\t\t\t\t<\/div>\n\t\t<div class=\"elementor-element elementor-element-3ae7207 e-flex e-con-boxed e-con e-parent\" data-id=\"3ae7207\" data-element_type=\"container\" data-e-type=\"container\">\n\t\t\t\t\t<div class=\"e-con-inner\">\n\t\t\t\t<div class=\"elementor-element elementor-element-e532c6b elementor-widget elementor-widget-text-editor\" data-id=\"e532c6b\" data-element_type=\"widget\" data-e-type=\"widget\" data-widget_type=\"text-editor.default\">\n\t\t\t\t<div class=\"elementor-widget-container\">\n\t\t\t\t\t\t\t\t\t<p class=\"p1\" style=\"text-align: justify\"><b>** <\/b>A subscription to this online library provides access to over a million books in all areas of learning, including approximately 90,000 works on theology and religion.<\/p>\t\t\t\t\t\t\t\t<\/div>\n\t\t\t\t<\/div>\n\t\t\t\t\t<\/div>\n\t\t\t\t<\/div>\n\t\t<div class=\"elementor-element elementor-element-d6dec41 e-flex e-con-boxed e-con e-parent\" data-id=\"d6dec41\" data-element_type=\"container\" data-e-type=\"container\">\n\t\t\t\t\t<div class=\"e-con-inner\">\n\t\t\t\t\t<\/div>\n\t\t\t\t<\/div>\n\t\t\t\t<\/div>","protected":false},"excerpt":{"rendered":"<p>\u00c0 l&#8217;Institut Th\u00e9ologique de la Cara\u00efbe, nous faisons l&#8217;effort d&#8217;atteindre l&#8217;excellence dans tous les domaines. C&#8217;est pourquoi, au niveau acad\u00e9mique, nous recrutons des professeurs de la plus haute comp\u00e9tence dans chaque mati\u00e8re afin d&#8217;offrir \u00e0 nos \u00e9tudiant(e)s un enseignement de qualit\u00e9 pour les aider dans leur minist\u00e8re et leur vie personnelle avec Dieu. Cela repr\u00e9sente [&hellip;]<\/p>\n","protected":false},"author":1,"featured_media":0,"parent":0,"menu_order":0,"comment_status":"closed","ping_status":"closed","template":"inside.php","meta":{"footnotes":""},"class_list":["post-23","page","type-page","status-publish","hentry"],"_links":{"self":[{"href":"https:\/\/itcaraibe.org\/en\/wp-json\/wp\/v2\/pages\/23","targetHints":{"allow":["GET"]}}],"collection":[{"href":"https:\/\/itcaraibe.org\/en\/wp-json\/wp\/v2\/pages"}],"about":[{"href":"https:\/\/itcaraibe.org\/en\/wp-json\/wp\/v2\/types\/page"}],"author":[{"embeddable":true,"href":"https:\/\/itcaraibe.org\/en\/wp-json\/wp\/v2\/users\/1"}],"replies":[{"embeddable":true,"href":"https:\/\/itcaraibe.org\/en\/wp-json\/wp\/v2\/comments?post=23"}],"version-history":[{"count":37,"href":"https:\/\/itcaraibe.org\/en\/wp-json\/wp\/v2\/pages\/23\/revisions"}],"predecessor-version":[{"id":2425,"href":"https:\/\/itcaraibe.org\/en\/wp-json\/wp\/v2\/pages\/23\/revisions\/2425"}],"wp:attachment":[{"href":"https:\/\/itcaraibe.org\/en\/wp-json\/wp\/v2\/media?parent=23"}],"curies":[{"name":"wp","href":"https:\/\/api.w.org\/{rel}","templated":true}]}}