{"id":897,"date":"2024-03-11T06:47:59","date_gmt":"2024-03-11T06:47:59","guid":{"rendered":"http:\/\/localhost\/scholary\/?page_id=9"},"modified":"2026-02-21T12:36:11","modified_gmt":"2026-02-21T11:36:11","slug":"home-page-01","status":"publish","type":"page","link":"https:\/\/itcaraibe.org\/en\/","title":{"rendered":"Welcome"},"content":{"rendered":"<div data-elementor-type=\"wp-page\" data-elementor-id=\"897\" class=\"elementor elementor-897\">\n\t\t\t\t<div class=\"elementor-element elementor-element-265572b e-con-full e-flex e-con e-parent\" data-id=\"265572b\" data-element_type=\"container\" data-e-type=\"container\">\n\t\t\t\t<div class=\"elementor-element elementor-element-40678c8 elementor-widget elementor-widget-Elementor-Header-widget\" data-id=\"40678c8\" data-element_type=\"widget\" data-e-type=\"widget\" data-widget_type=\"Elementor-Header-widget.default\">\n\t\t\t\t<div class=\"elementor-widget-container\">\n\t\t\t\t\t<!-- slider-area -->\r\n    <section id=\"parallax\" class=\"slider-area slider-two fix p-relative\">\r\n       <div class=\"slider-shape ss-two layer\" data-depth=\"0.10\"><img decoding=\"async\" src=\"\" alt=\"\"><\/div>\r\n        <div class=\"slider-active\">\r\n        <div class=\"single-slider slider-bg2 d-flex align-items-center\" style=\"background: url(http:\/\/itcaraibe.org\/wp-content\/uploads\/2025\/08\/christian-lendl-P41tKN3uZhw-unsplash-scaled.jpg) no-repeat;background-position: center bottom; \">\r\n                <div class=\"container\">\r\n                   <div class=\"row justify-content-center align-items-center\">\r\n                        <div class=\"col-lg-9 col-md-12\">\r\n                            <div class=\"slider-content slider-content2  s-slider-content text-center\">\r\n                               <h5 data-animation=\"fadeInUp\" data-delay=\".4s\"><\/h5>\r\n                                 <h2 data-animation=\"fadeInUp\" data-delay=\".4s\"><span style=\"font-size: 150%; color:white\">Excellence to the <span style=\"color: #065b92\">glory of God<\/span><\/span><\/h2>\r\n                                <p data-animation=\"fadeInUp\" data-delay=\".6s\"><br>\n<p style=\"color: black; font-size: 200%; min-width: 600px; line-height: normal;\">Specializing in teaching the Bible and Theology from a holistic perspective of Christian doctrine.<\/p><\/p>\r\n\r\n                                 <div class=\"slider-btn mt-30\">                                          \r\n                                      <a href=\"https:\/\/itcaraibe.org\/en\/formulaire-dinscription\/\" class=\"btn mr-15\" data-animation=\"fadeInLeft\" data-delay=\".4s\">APPLY NOW<\/a>    \r\n                                <\/div>    \r\n                            <\/div>\r\n                        <\/div>                              \r\n                    <\/div>\r\n                <\/div>\r\n            <\/div>\r\n        <\/div>\r\n    <\/section>\r\n    <!-- slider-area-end -->\t\t\t\t<\/div>\n\t\t\t\t<\/div>\n\t\t\t\t<\/div>\n\t\t<div class=\"elementor-element elementor-element-d9da6a2 e-flex e-con-boxed e-con e-parent\" data-id=\"d9da6a2\" data-element_type=\"container\" data-e-type=\"container\">\n\t\t\t\t\t<div class=\"e-con-inner\">\n\t\t\t\t<div class=\"elementor-element elementor-element-2d147a4 elementor-widget elementor-widget-spacer\" data-id=\"2d147a4\" data-element_type=\"widget\" data-e-type=\"widget\" data-widget_type=\"spacer.default\">\n\t\t\t\t<div class=\"elementor-widget-container\">\n\t\t\t\t\t\t\t<div class=\"elementor-spacer\">\n\t\t\t<div class=\"elementor-spacer-inner\"><\/div>\n\t\t<\/div>\n\t\t\t\t\t\t<\/div>\n\t\t\t\t<\/div>\n\t\t\t\t<div class=\"elementor-element elementor-element-db15a0e elementor-widget elementor-widget-html\" data-id=\"db15a0e\" data-element_type=\"widget\" data-e-type=\"widget\" data-widget_type=\"html.default\">\n\t\t\t\t<div class=\"elementor-widget-container\">\n\t\t\t\t\t\n    <h2 style=\"color: black\">\ud83d\udcc5 New seminar from February 21th to March 7th, 2026: <a href=\"https:\/\/itcaraibe.org\/en\/seminaires\/\" target=\"_self\" title=\"Visiter la page des s\u00e9minaires\" style=\"color: #065b92; text-decoration: underline\">\u00a0Christian Leadership<\/a><\/h2>\t\t\t\t<\/div>\n\t\t\t\t<\/div>\n\t\t\t\t\t<\/div>\n\t\t\t\t<\/div>\n\t\t<div class=\"elementor-element elementor-element-5ca5f7f e-con-full e-flex e-con e-parent\" data-id=\"5ca5f7f\" data-element_type=\"container\" data-e-type=\"container\">\n\t\t\t\t<div class=\"elementor-element elementor-element-cd8cb12 elementor-widget elementor-widget-Elementor-about-widget\" data-id=\"cd8cb12\" data-element_type=\"widget\" data-e-type=\"widget\" data-widget_type=\"Elementor-about-widget.default\">\n\t\t\t\t<div class=\"elementor-widget-container\">\n\t\t\t\t\t<!-- about-area -->\n <section class=\"about-area2 about-p pt-120 pb-120 p-relative fix\">\n    <div class=\"container\">\n        <div class=\"row justify-content-center align-items-center\">                        \n        <div class=\"col-lg-6 col-md-12 col-sm-12\">\n                <div class=\"about-content s-about-content pl-15 wow fadeInRight  animated\" data-animation=\"fadeInRight\" data-delay=\".4s\">\n                    <div class=\"section-title2 second-title pb-25\">  \n                         <h5>About our institute<\/h5>\n                         <h2>The Institute In A Few Words<\/h2>                                      \n                    <\/div>\n                        <p class=\"txt-clr\" style=\"color: black\">L\u2019Institut Th\u00e9ologique de la Cara\u00efbe (ITC) se propose de combler un vide\ndans l'enseignement d'excellence de la Bible et de la th\u00e9ologie aux r\u00e9sidents de la Cara\u00efbe, qu\u2019ils soient\nissus des \u00eeles francophones, anglophones et hispanophones.<\/p>                      <div class=\"about-content3 mt-30 mb-30\">\n                                    <div class=\"row\">\n                                    <div class=\"col-md-6\">\n                                       <ul class=\"green\">                                              \n                                            <li> Experienced Professors <\/li>\n                                                \n                                       <\/ul>\n                                    <\/div>\n                                     <div class=\"col-md-6\">\n                                       <ul class=\"green\">                                              \n                                            \n                                            <li>Affiliated with the Continental Theological Seminary of Belgium<\/li>  \n                                       <\/ul>\n                                    <\/div>\n                                    <\/div>\n                                <\/div> \n                     <div class=\"slider-btn mt-20\">  \n                                                  \n                    <\/div>\n                <\/div>\n            <\/div>\n             <div class=\"col-lg-6 col-md-12 col-sm-12\">\n                <div class=\"s-about-img p-relative  wow fadeInLeft animated\" data-animation=\"fadeInLeft\" data-delay=\".4s\">\n                     <img decoding=\"async\" src=\"http:\/\/itcaraibe.org\/wp-content\/uploads\/2025\/09\/gift-habeshaw-eR0dgeG1wqY-unsplash-scaled.jpg\" alt=\"http:\/\/itcaraibe.org\/wp-content\/uploads\/2025\/09\/gift-habeshaw-eR0dgeG1wqY-unsplash-scaled.jpg\">  \n                    <div class=\"about-text second-about text-left\"> \n                         <div class=\"box-text\">\n                            <div class=\"icon\"> <img decoding=\"async\" src=\"https:\/\/wpdemo.zcubethemes.com\/scholary\/wp-content\/uploads\/2024\/03\/ab-ani-01.png\" alt=\"img\">   <\/div>\n                            <div class=\"text\">\n                                <span>1.5k+<\/span> \n                               Awards Winner\n                            <\/div>                                       \n                        <\/div>                                    \n                        <p>Lorem Ipsum is simply dummy text of the printing<\/p>                         \n                    <\/div>\n\n                <\/div>\n\n            <\/div>\n        <\/div>\n    <\/div>\n<\/section>\n<!-- about-area-end -->\t\t\t\t<\/div>\n\t\t\t\t<\/div>\n\t\t\t\t<\/div>\n\t\t\t\t<\/div>","protected":false},"excerpt":{"rendered":"<p>\ud83d\udcc5 Nouveau s\u00e9minaire du 21 f\u00e9vrier au 07 mars 2026 : Le Leadership Chr\u00e9tien<\/p>","protected":false},"author":1,"featured_media":0,"parent":0,"menu_order":0,"comment_status":"closed","ping_status":"closed","template":"home-page-one.php","meta":{"footnotes":""},"class_list":["post-897","page","type-page","status-publish","hentry"],"_links":{"self":[{"href":"https:\/\/itcaraibe.org\/en\/wp-json\/wp\/v2\/pages\/897","targetHints":{"allow":["GET"]}}],"collection":[{"href":"https:\/\/itcaraibe.org\/en\/wp-json\/wp\/v2\/pages"}],"about":[{"href":"https:\/\/itcaraibe.org\/en\/wp-json\/wp\/v2\/types\/page"}],"author":[{"embeddable":true,"href":"https:\/\/itcaraibe.org\/en\/wp-json\/wp\/v2\/users\/1"}],"replies":[{"embeddable":true,"href":"https:\/\/itcaraibe.org\/en\/wp-json\/wp\/v2\/comments?post=897"}],"version-history":[{"count":183,"href":"https:\/\/itcaraibe.org\/en\/wp-json\/wp\/v2\/pages\/897\/revisions"}],"predecessor-version":[{"id":2625,"href":"https:\/\/itcaraibe.org\/en\/wp-json\/wp\/v2\/pages\/897\/revisions\/2625"}],"wp:attachment":[{"href":"https:\/\/itcaraibe.org\/en\/wp-json\/wp\/v2\/media?parent=897"}],"curies":[{"name":"wp","href":"https:\/\/api.w.org\/{rel}","templated":true}]}}