{"id":925,"date":"2025-04-06T13:00:47","date_gmt":"2025-04-06T11:00:47","guid":{"rendered":"https:\/\/itcaraibe.org\/?page_id=925"},"modified":"2025-10-30T21:56:29","modified_gmt":"2025-10-30T20:56:29","slug":"vision","status":"publish","type":"page","link":"https:\/\/itcaraibe.org\/en\/vision\/","title":{"rendered":"Our Vision"},"content":{"rendered":"<div data-elementor-type=\"wp-post\" data-elementor-id=\"925\" class=\"elementor elementor-925\">\n\t\t\t\t<div class=\"elementor-element elementor-element-c4ab621 e-flex e-con-boxed e-con e-parent\" data-id=\"c4ab621\" data-element_type=\"container\" data-e-type=\"container\">\n\t\t\t\t\t<div class=\"e-con-inner\">\n\t\t\t\t<div class=\"elementor-element elementor-element-be1625c elementor-widget elementor-widget-heading\" data-id=\"be1625c\" data-element_type=\"widget\" data-e-type=\"widget\" data-widget_type=\"heading.default\">\n\t\t\t\t<div class=\"elementor-widget-container\">\n\t\t\t\t\t<h2 class=\"elementor-heading-title elementor-size-default\">Who we are<\/h2>\t\t\t\t<\/div>\n\t\t\t\t<\/div>\n\t\t\t\t<div class=\"elementor-element elementor-element-fc4a69f elementor-widget elementor-widget-text-editor\" data-id=\"fc4a69f\" data-element_type=\"widget\" data-e-type=\"widget\" data-widget_type=\"text-editor.default\">\n\t\t\t\t<div class=\"elementor-widget-container\">\n\t\t\t\t\t\t\t\t\t<p style=\"text-align: justify\">The Caribbean Theological Institute is a private institution of higher learning specializing in the teaching of the Bible and theology from a holistic perspective of Christian doctrine.<br><br>\n\nOur goal is to train Christian leaders, both men and women, from the Caribbean, who are capable of exercising effective ministry in a manner worthy of Christ, in accordance with the Word of God.<br><br>\n\nFounded in 2023 in Martinique, the Caribbean Theological Institute is passionate about excellence at all levels: academic, spiritual, and practical.<p>\t\t\t\t\t\t\t\t<\/div>\n\t\t\t\t<\/div>\n\t\t\t\t<div class=\"elementor-element elementor-element-2038845 elementor-widget elementor-widget-heading\" data-id=\"2038845\" data-element_type=\"widget\" data-e-type=\"widget\" data-widget_type=\"heading.default\">\n\t\t\t\t<div class=\"elementor-widget-container\">\n\t\t\t\t\t<h2 class=\"elementor-heading-title elementor-size-default\">Objectives and purpose<\/h2>\t\t\t\t<\/div>\n\t\t\t\t<\/div>\n\t\t\t\t<div class=\"elementor-element elementor-element-d382ed3 elementor-widget elementor-widget-text-editor\" data-id=\"d382ed3\" data-element_type=\"widget\" data-e-type=\"widget\" data-widget_type=\"text-editor.default\">\n\t\t\t\t<div class=\"elementor-widget-container\">\n\t\t\t\t\t\t\t\t\t<p style=\"text-align: justify\">The Caribbean Theological Institute (ITC) aims to fill a gap in the provision of high-quality Bible and theology education to Caribbean residents, whether they come from French-speaking, English-speaking, or Spanish-speaking islands.<br><br>\n\nBased in Martinique, the ITC seeks to address the problem of distance faced by those who wish to study in this field.<br><br>\n\nThe ITC aspires to become the benchmark in the Caribbean thanks to the quality of its teaching and its ideal setting for the spiritual and human development of Christian leaders, both men and women.<\/p>\t\t\t\t\t\t\t\t<\/div>\n\t\t\t\t<\/div>\n\t\t\t\t<div class=\"elementor-element elementor-element-bcc709d elementor-widget elementor-widget-heading\" data-id=\"bcc709d\" data-element_type=\"widget\" data-e-type=\"widget\" data-widget_type=\"heading.default\">\n\t\t\t\t<div class=\"elementor-widget-container\">\n\t\t\t\t\t<h2 class=\"elementor-heading-title elementor-size-default\">Admission requirements for the institute<\/h2>\t\t\t\t<\/div>\n\t\t\t\t<\/div>\n\t\t\t\t<div class=\"elementor-element elementor-element-866e622 elementor-widget elementor-widget-text-editor\" data-id=\"866e622\" data-element_type=\"widget\" data-e-type=\"widget\" data-widget_type=\"text-editor.default\">\n\t\t\t\t<div class=\"elementor-widget-container\">\n\t\t\t\t\t\t\t\t\t<p style=\"text-align: justify;\">The ITC is open to anyone seeking in-depth training in Bible and theology for effective ministry according to God's plan and for the purpose of proclaiming the Word of truth.<br><br>\n\nThe Institute will offer everyone the opportunity to study, whether for personal enrichment or to obtain a degree: Bachelor's degree in Bible and Theology, Master's degree, or Doctorate.<br><br>\n\nAdmission requires at least a high school diploma or equivalent. Courses will be taught primarily in French or English.<\/p>\t\t\t\t\t\t\t\t<\/div>\n\t\t\t\t<\/div>\n\t\t\t\t\t<\/div>\n\t\t\t\t<\/div>\n\t\t\t\t<\/div>","protected":false},"excerpt":{"rendered":"<p>Qui sommes-nous ? L\u2019Institut Th\u00e9ologique de la Cara\u00efbe est un institut d\u2019enseignement sup\u00e9rieur priv\u00e9 sp\u00e9cialis\u00e9 dans l\u2019enseignement de la Bible et de la Th\u00e9ologie dans une perspective holistique de la doctrine chr\u00e9tienne. Notre objectif est de former des leaders chr\u00e9tiens, hommes et femmes, de la Cara\u00efbe, aptes \u00e0 exercer un minist\u00e8re efficace d\u2019une mani\u00e8re digne [&hellip;]<\/p>\n","protected":false},"author":1,"featured_media":0,"parent":0,"menu_order":0,"comment_status":"closed","ping_status":"closed","template":"","meta":{"footnotes":""},"class_list":["post-925","page","type-page","status-publish","hentry"],"_links":{"self":[{"href":"https:\/\/itcaraibe.org\/en\/wp-json\/wp\/v2\/pages\/925","targetHints":{"allow":["GET"]}}],"collection":[{"href":"https:\/\/itcaraibe.org\/en\/wp-json\/wp\/v2\/pages"}],"about":[{"href":"https:\/\/itcaraibe.org\/en\/wp-json\/wp\/v2\/types\/page"}],"author":[{"embeddable":true,"href":"https:\/\/itcaraibe.org\/en\/wp-json\/wp\/v2\/users\/1"}],"replies":[{"embeddable":true,"href":"https:\/\/itcaraibe.org\/en\/wp-json\/wp\/v2\/comments?post=925"}],"version-history":[{"count":26,"href":"https:\/\/itcaraibe.org\/en\/wp-json\/wp\/v2\/pages\/925\/revisions"}],"predecessor-version":[{"id":2419,"href":"https:\/\/itcaraibe.org\/en\/wp-json\/wp\/v2\/pages\/925\/revisions\/2419"}],"wp:attachment":[{"href":"https:\/\/itcaraibe.org\/en\/wp-json\/wp\/v2\/media?parent=925"}],"curies":[{"name":"wp","href":"https:\/\/api.w.org\/{rel}","templated":true}]}}