{"id":927,"date":"2025-04-06T13:00:39","date_gmt":"2025-04-06T11:00:39","guid":{"rendered":"https:\/\/itcaraibe.org\/?page_id=927"},"modified":"2025-10-30T21:57:02","modified_gmt":"2025-10-30T20:57:02","slug":"histoire","status":"publish","type":"page","link":"https:\/\/itcaraibe.org\/en\/histoire\/","title":{"rendered":"Our Story"},"content":{"rendered":"<div data-elementor-type=\"wp-page\" data-elementor-id=\"927\" class=\"elementor elementor-927\">\n\t\t\t\t<div class=\"elementor-element elementor-element-87c70e3 e-flex e-con-boxed e-con e-parent\" data-id=\"87c70e3\" data-element_type=\"container\" data-e-type=\"container\">\n\t\t\t\t\t<div class=\"e-con-inner\">\n\t\t\t\t<div class=\"elementor-element elementor-element-085fb9a elementor-widget elementor-widget-text-editor\" data-id=\"085fb9a\" data-element_type=\"widget\" data-e-type=\"widget\" data-widget_type=\"text-editor.default\">\n\t\t\t\t<div class=\"elementor-widget-container\">\n\t\t\t\t\t\t\t\t\t<p style=\"text-align: justify;\">Our story is part of a collective and progressive process.<br \/>We invite you to take part, to contribute to a work that will bear fruit beyond the present and leave a constructive imprint for future generations.<\/p>\t\t\t\t\t\t\t\t<\/div>\n\t\t\t\t<\/div>\n\t\t\t\t\t<\/div>\n\t\t\t\t<\/div>\n\t\t<div class=\"elementor-element elementor-element-176be41 e-flex e-con-boxed e-con e-parent\" data-id=\"176be41\" data-element_type=\"container\" data-e-type=\"container\">\n\t\t\t\t\t<div class=\"e-con-inner\">\n\t\t\t\t<div class=\"elementor-element elementor-element-9750fa6 elementor-widget elementor-widget-heading\" data-id=\"9750fa6\" data-element_type=\"widget\" data-e-type=\"widget\" data-widget_type=\"heading.default\">\n\t\t\t\t<div class=\"elementor-widget-container\">\n\t\t\t\t\t<h2 class=\"elementor-heading-title elementor-size-default\">Origins<\/h2>\t\t\t\t<\/div>\n\t\t\t\t<\/div>\n\t\t\t\t<div class=\"elementor-element elementor-element-52407a8 elementor-widget elementor-widget-html\" data-id=\"52407a8\" data-element_type=\"widget\" data-e-type=\"widget\" data-widget_type=\"html.default\">\n\t\t\t\t<div class=\"elementor-widget-container\">\n\t\t\t\t\t<p style=\"text-align: justify;\">The Caribbean Theological Institute was founded in Martinique in 2023 by Pastor Jean-Fran\u00e7ois OZIER-LAFONTAINE, assisted by three friends and collaborators in Christ, architect Philippe MAUGER and pastors Thierry HERMINE and Martin R. GABRIEL, and with the support of several American missionaries, including Joel TEMPLE, coordinator for the French West Indies.<\/p>\t\t\t\t<\/div>\n\t\t\t\t<\/div>\n\t\t\t\t\t<\/div>\n\t\t\t\t<\/div>\n\t\t<div class=\"elementor-element elementor-element-de3db49 e-flex e-con-boxed e-con e-parent\" data-id=\"de3db49\" data-element_type=\"container\" data-e-type=\"container\">\n\t\t\t\t\t<div class=\"e-con-inner\">\n\t\t\t\t<div class=\"elementor-element elementor-element-8427af6 elementor-widget elementor-widget-heading\" data-id=\"8427af6\" data-element_type=\"widget\" data-e-type=\"widget\" data-widget_type=\"heading.default\">\n\t\t\t\t<div class=\"elementor-widget-container\">\n\t\t\t\t\t<h2 class=\"elementor-heading-title elementor-size-default\">An environment for personal growth<\/h2>\t\t\t\t<\/div>\n\t\t\t\t<\/div>\n\t\t\t\t<div class=\"elementor-element elementor-element-60828e2 elementor-widget elementor-widget-html\" data-id=\"60828e2\" data-element_type=\"widget\" data-e-type=\"widget\" data-widget_type=\"html.default\">\n\t\t\t\t<div class=\"elementor-widget-container\">\n\t\t\t\t\t<p style=\"text-align: justify;\">The Caribbean Theological Institute has started with qualified, experienced professors, most of whom teach at other theological institutes in Europe and North America with excellent reputations. Our institute is affiliated with the CONTINENTAL THEOLOGICAL SEMINARY in Belgium, which since 1959 has trained thousands of men and women from more than 70 different nations as pastors, evangelists, presidents and directors of national Bible institutes, etc.<\/p>\t\t\t\t<\/div>\n\t\t\t\t<\/div>\n\t\t\t\t\t<\/div>\n\t\t\t\t<\/div>\n\t\t<div class=\"elementor-element elementor-element-57095c4 e-flex e-con-boxed e-con e-parent\" data-id=\"57095c4\" data-element_type=\"container\" data-e-type=\"container\">\n\t\t\t\t\t<div class=\"e-con-inner\">\n\t\t\t\t<div class=\"elementor-element elementor-element-baf7448 elementor-widget elementor-widget-heading\" data-id=\"baf7448\" data-element_type=\"widget\" data-e-type=\"widget\" data-widget_type=\"heading.default\">\n\t\t\t\t<div class=\"elementor-widget-container\">\n\t\t\t\t\t<h2 class=\"elementor-heading-title elementor-size-default\">A transformative environment<\/h2>\t\t\t\t<\/div>\n\t\t\t\t<\/div>\n\t\t\t\t<div class=\"elementor-element elementor-element-b1e4e6e elementor-widget elementor-widget-text-editor\" data-id=\"b1e4e6e\" data-element_type=\"widget\" data-e-type=\"widget\" data-widget_type=\"text-editor.default\">\n\t\t\t\t<div class=\"elementor-widget-container\">\n\t\t\t\t\t\t\t\t\t<p style=\"text-align: justify;\">At the Caribbean Theological Institute, we offer you not only an environment where you can learn academically, but also a framework where you can grow spiritually and develop an irreproachable character in the image of Christ.<br><br>\n\nOur goal is to train men and women in the image of Christ, whom the Lord will use to transform the world. To know Christ and make Him known, the only one who can transform lives in a positive and lasting way, even into eternity.<\/p>\t\t\t\t\t\t\t\t<\/div>\n\t\t\t\t<\/div>\n\t\t\t\t\t<\/div>\n\t\t\t\t<\/div>\n\t\t\t\t<\/div>","protected":false},"excerpt":{"rendered":"<p>Notre histoire s\u2019inscrit dans une d\u00e9marche collective et progressive.Nous vous invitons \u00e0 y prendre part, afin de contribuer \u00e0 une \u0153uvre qui portera ses fruits au-del\u00e0 du pr\u00e9sent et laissera une empreinte constructive pour les g\u00e9n\u00e9rations futures. La gen\u00e8se L&#8217;Institut Th\u00e9ologique de la Cara\u00efbe a \u00e9t\u00e9 fond\u00e9 en Martinique en 2023 par le pasteur Jean-Fran\u00e7ois [&hellip;]<\/p>\n","protected":false},"author":1,"featured_media":0,"parent":0,"menu_order":0,"comment_status":"closed","ping_status":"closed","template":"","meta":{"footnotes":""},"class_list":["post-927","page","type-page","status-publish","hentry"],"_links":{"self":[{"href":"https:\/\/itcaraibe.org\/en\/wp-json\/wp\/v2\/pages\/927","targetHints":{"allow":["GET"]}}],"collection":[{"href":"https:\/\/itcaraibe.org\/en\/wp-json\/wp\/v2\/pages"}],"about":[{"href":"https:\/\/itcaraibe.org\/en\/wp-json\/wp\/v2\/types\/page"}],"author":[{"embeddable":true,"href":"https:\/\/itcaraibe.org\/en\/wp-json\/wp\/v2\/users\/1"}],"replies":[{"embeddable":true,"href":"https:\/\/itcaraibe.org\/en\/wp-json\/wp\/v2\/comments?post=927"}],"version-history":[{"count":61,"href":"https:\/\/itcaraibe.org\/en\/wp-json\/wp\/v2\/pages\/927\/revisions"}],"predecessor-version":[{"id":2422,"href":"https:\/\/itcaraibe.org\/en\/wp-json\/wp\/v2\/pages\/927\/revisions\/2422"}],"wp:attachment":[{"href":"https:\/\/itcaraibe.org\/en\/wp-json\/wp\/v2\/media?parent=927"}],"curies":[{"name":"wp","href":"https:\/\/api.w.org\/{rel}","templated":true}]}}