{"id":932,"date":"2025-04-06T13:00:30","date_gmt":"2025-04-06T11:00:30","guid":{"rendered":"https:\/\/itcaraibe.org\/?page_id=932"},"modified":"2025-10-16T21:38:57","modified_gmt":"2025-10-16T19:38:57","slug":"confession-de-foi","status":"publish","type":"page","link":"https:\/\/itcaraibe.org\/en\/confession-de-foi\/","title":{"rendered":"Confession of Faith"},"content":{"rendered":"<div data-elementor-type=\"wp-page\" data-elementor-id=\"932\" class=\"elementor elementor-932\">\n\t\t\t\t<div class=\"elementor-element elementor-element-794a6e4 e-flex e-con-boxed e-con e-parent\" data-id=\"794a6e4\" data-element_type=\"container\" data-e-type=\"container\">\n\t\t\t\t\t<div class=\"e-con-inner\">\n\t\t\t\t<div class=\"elementor-element elementor-element-0b4c03e elementor-widget elementor-widget-html\" data-id=\"0b4c03e\" data-element_type=\"widget\" data-e-type=\"widget\" data-widget_type=\"html.default\">\n\t\t\t\t<div class=\"elementor-widget-container\">\n\t\t\t\t\t<div style=\"text-justify: auto; color: black; font-size: 17px; text-align: justify;\">\n<ol>\n \t<li>WE BELIEVE in one God, revealed in three persons: God the Father, God the Son, and God the Holy Spirit (Matthew 28:19; 2 Corinthians 13:13).<\/li>\n \t<li>WE BELIEVE that the Bible is God\u2019s inspired and infallible Word, and is the sole authority for faith and practice (2 Timothy 3:16-17; 1 Thessalonians 2:13; 2 Peter 1:20-21).<\/li>\n \t<li>WE BELIEVE in the deity of our Lord Jesus Christ (John 12:45; 20:28-29; Philippians 2:6; Colossians 1:15-16), in his virgin birth (Matthew 1:23; Luke 1:31, 35), in his sinless life (Hebrews 7:26; 1 Peter 2:22), in his miracles (Acts 2:22; 10:38), in his vicarious and atoning death on the cross (1 Corinthians 15:3; 2 Corinthians 5:21), in his bodily resurrection from the dead (Matthew 28:6; Luke 24:39; 1 Corinthians 15:4), and in his exaltation to the right hand of God (Acts 1:9, 11; 2:33; Philippians 2:9-11; Hebrews 1:3)<\/li>\n \t<li>WE BELIEVE that man was created in the image of God (Genesis 1:27), but by willful transgression became sinful and is justly under the condemnation and wrath of Almighty God (Romans 5:12-21).<\/li>\n \t<li>WE BELIEVE that the only way of salvation from the guilt and condemnation of sin is through repentance and faith in the precious blood of Christ (Romans 5:1-21; 1 Peter 1:18-19).<\/li>\n \t<li>WE BELIEVE in the personality of the Holy Spirit and in his ministry to reveal Christ to men, to convict the world of sin (John 16:5-15), and to give new life to repentant sinners (John 3:1-8; Galatians 5:16).<\/li>\n \t<li>WE BELIEVE that the redemptive work of Christ on the cross provides healing of the human body in answer to believing prayer (1 Peter 2:24).<\/li>\n \t<li>WE BELIEVE in the blessed hope, which is the rapture of the Church at Christ\u2019s coming in power and in glory (Titus 2:13).<\/li>\n \t<li>WE BELIEVE in the resurrection of both the saved and the lost, the one to everlasting life with God and the other to everlasting damnation with Satan (John 5:28-29).<\/li>\n<\/ol>\n<\/div>\t\t\t\t<\/div>\n\t\t\t\t<\/div>\n\t\t\t\t\t<\/div>\n\t\t\t\t<\/div>\n\t\t\t\t<\/div>","protected":false},"excerpt":{"rendered":"<p>NOUS CROYONS en un seul Dieu, r\u00e9v\u00e9l\u00e9 en trois personnes: Dieu le P\u00e8re, Dieu le Fils, et Dieu le Saint-Esprit (Matthieu 28:19; 2 Corinthiens 13:13). NOUS CROYONS que la Bible est la Parole inspir\u00e9e et infaillible de Dieu, et qu\u2019elle est la seule autorit\u00e9 en mati\u00e8res de foi et de pratique (2 Timoth\u00e9e 3:16-17; 1Thessaloniciens [&hellip;]<\/p>\n","protected":false},"author":1,"featured_media":0,"parent":0,"menu_order":0,"comment_status":"closed","ping_status":"closed","template":"","meta":{"footnotes":""},"class_list":["post-932","page","type-page","status-publish","hentry"],"_links":{"self":[{"href":"https:\/\/itcaraibe.org\/en\/wp-json\/wp\/v2\/pages\/932","targetHints":{"allow":["GET"]}}],"collection":[{"href":"https:\/\/itcaraibe.org\/en\/wp-json\/wp\/v2\/pages"}],"about":[{"href":"https:\/\/itcaraibe.org\/en\/wp-json\/wp\/v2\/types\/page"}],"author":[{"embeddable":true,"href":"https:\/\/itcaraibe.org\/en\/wp-json\/wp\/v2\/users\/1"}],"replies":[{"embeddable":true,"href":"https:\/\/itcaraibe.org\/en\/wp-json\/wp\/v2\/comments?post=932"}],"version-history":[{"count":44,"href":"https:\/\/itcaraibe.org\/en\/wp-json\/wp\/v2\/pages\/932\/revisions"}],"predecessor-version":[{"id":2382,"href":"https:\/\/itcaraibe.org\/en\/wp-json\/wp\/v2\/pages\/932\/revisions\/2382"}],"wp:attachment":[{"href":"https:\/\/itcaraibe.org\/en\/wp-json\/wp\/v2\/media?parent=932"}],"curies":[{"name":"wp","href":"https:\/\/api.w.org\/{rel}","templated":true}]}}