{"id":964,"date":"2025-04-06T13:09:13","date_gmt":"2025-04-06T11:09:13","guid":{"rendered":"https:\/\/itcaraibe.org\/?page_id=964"},"modified":"2025-11-06T20:46:52","modified_gmt":"2025-11-06T19:46:52","slug":"cursus-par-domaine","status":"publish","type":"page","link":"https:\/\/itcaraibe.org\/en\/cursus-par-domaine\/","title":{"rendered":"By Field of Study"},"content":{"rendered":"<div data-elementor-type=\"wp-page\" data-elementor-id=\"964\" class=\"elementor elementor-964\">\n\t\t\t\t<div class=\"elementor-element elementor-element-90a02dd e-flex e-con-boxed e-con e-parent\" data-id=\"90a02dd\" data-element_type=\"container\" data-e-type=\"container\">\n\t\t\t\t\t<div class=\"e-con-inner\">\n\t\t<div class=\"elementor-element elementor-element-749c573 e-con-full e-flex e-con e-child\" data-id=\"749c573\" data-element_type=\"container\" data-e-type=\"container\">\n\t\t\t\t<div class=\"elementor-element elementor-element-2473ffa elementor-widget elementor-widget-html\" data-id=\"2473ffa\" data-element_type=\"widget\" data-e-type=\"widget\" data-widget_type=\"html.default\">\n\t\t\t\t<div class=\"elementor-widget-container\">\n\t\t\t\t\t<table class=\"table table-striped table-bordered table-hover\">\n                    <thead class=\"table-dark\">\n                        <tr>\n                            <th style=\"background-color: #4a90e2 !important; color: white !important; text-align: center;\" colspan=\"2\">BIBLE<\/th>\n                        <\/tr>\n                        <tr class=\"table-light\">\n                            <th scope=\"col\">CODE<\/th>\n                            <th scope=\"col\">COURSE<\/th>\n                        <\/tr>\n                    <\/thead>\n                    <tbody>\n                        <tr>\n                            <td><code>BI134<\/code><\/td>\n                            <td>Hermeneutics (How to Interpret the Bible)<\/td>\n                        <\/tr>\n                        <tr>\n                            <td><code>BI344<\/code><\/td>\n                            <td>Exegesis (Interpretation of Biblical Texts)<\/td>\n                        <\/tr>\n                        <tr>\n                            <td style=\"background-color: #e6f3ff !important; font-weight: bold; text-align: center;\" colspan=\"2\">Old Testament<\/td>\n                        <\/tr>\n                        <tr>\n                            <td><code>BI104<\/code><\/td>\n                            <td>Old Testament Survey<\/td>\n                        <\/tr>\n                        <tr>\n                            <td><code>BI304<\/code><\/td>\n                            <td>Pentateuch<\/td>\n                        <\/tr>\n                        <tr>\n                            <td><code>BI314<\/code><\/td>\n                            <td>Former Prophets<\/td>\n                        <\/tr>\n                        <tr>\n                            <td><code>BI234<\/code><\/td>\n                            <td>Poetical Books<\/td>\n                        <\/tr>\n                        <tr>\n                            <td><code>BI324<\/code><\/td>\n                            <td>Psalms<\/td>\n                        <\/tr>\n                        <tr>\n                            <td><code>BI334<\/code><\/td>\n                            <td>Prophetical Books<\/td>\n                        <\/tr>\n                        <tr>\n                            <td><code>BI204<\/code><\/td>\n                            <td>Isaiah<\/td>\n                        <\/tr>\n                        <tr>\n                            <td style=\"background-color: #e6f3ff !important; font-weight: bold; text-align: center;\" colspan=\"2\">New Testament<\/td>\n                        <\/tr>\n                        <tr>\n                            <td><code>BI114<\/code><\/td>\n                            <td>New Testament Survey<\/td>\n                        <\/tr>\n                        <tr>\n                            <td><code>BI224<\/code><\/td>\n                            <td>Synoptic Gospels<\/td>\n                        <\/tr>\n                        <tr>\n                            <td><code>BI124<\/code><\/td>\n                            <td>Gospel of John and Johannine Epistles<\/td>\n                        <\/tr>\n                        <tr>\n                            <td><code>BI244<\/code><\/td>\n                            <td>Acts of the Apostles<\/td>\n                        <\/tr>\n                        <tr>\n                            <td><code>BI254<\/code><\/td>\n                            <td>Epistle to the Romans<\/td>\n                        <\/tr>\n                        <tr>\n                            <td><code>BI384<\/code><\/td>\n                            <td>Prison Epistles<\/td>\n                        <\/tr>\n                        <tr>\n                            <td><code>BI354<\/code><\/td>\n                            <td>Pastoral Epistles<\/td>\n                        <\/tr>\n                        <tr>\n                            <td><code>BI364<\/code><\/td>\n                            <td>Epistle to the Hebrews<\/td>\n                        <\/tr>\n                        <tr>\n                            <td><code>BI394<\/code><\/td>\n                            <td>General Epistles<\/td>\n                        <\/tr>\n                        <tr>\n                            <td><code>BI374<\/code><\/td>\n                            <td>Revelation<\/td>\n                        <\/tr>\n                    <\/tbody>\n                <\/table>\t\t\t\t<\/div>\n\t\t\t\t<\/div>\n\t\t\t\t<\/div>\n\t\t<div class=\"elementor-element elementor-element-85f74cd e-con-full e-flex e-con e-child\" data-id=\"85f74cd\" data-element_type=\"container\" data-e-type=\"container\">\n\t\t\t\t<div class=\"elementor-element elementor-element-b99f5d5 elementor-widget elementor-widget-html\" data-id=\"b99f5d5\" data-element_type=\"widget\" data-e-type=\"widget\" data-widget_type=\"html.default\">\n\t\t\t\t<div class=\"elementor-widget-container\">\n\t\t\t\t\t<table class=\"table table-striped table-bordered table-hover\">\n                    <thead class=\"table-dark\">\n                        <tr>\n                            <th style=\"background-color: #4a90e2 !important; color: white !important; text-align: center;\" colspan=\"2\">THEOLOGY<\/th>\n                        <\/tr>\n                        <tr class=\"table-light\">\n                            <th scope=\"col\">CODE<\/th>\n                            <th scope=\"col\">COURSE<\/th>\n                        <\/tr>\n                    <\/thead>\n                    <tbody>\n                        <tr>\n                            <td><code>TH103<\/code><\/td>\n                            <td>Introduction to Theology<\/td>\n                        <\/tr>\n                        <tr>\n                            <td><code>TH113<\/code><\/td>\n                            <td>Bibliology<\/td>\n                        <\/tr>\n                        <tr>\n                            <td><code>TH104<\/code><\/td>\n                            <td>Christology, Soteriology and Hamartiology<\/td>\n                        <\/tr>\n                        <tr>\n                            <td><code>TH224<\/code><\/td>\n                            <td>Pneumatology<\/td>\n                        <\/tr>\n                        <tr>\n                            <tr>\n                            <td><code>TH204<\/code><\/td>\n                            <td>Ecclesiology<\/td>\n                        <\/tr>\n                        <tr>\n                            <td><code>TH212<\/code><\/td>\n                            <td>Eschatology<\/td>\n                        <\/tr>\n                        <tr>\n                            <td><code>TH304<\/code><\/td>\n                            <td>Biblical Theology<\/td>\n                        <\/tr>\n                        <tr>\n                            <td><code>TH314<\/code><\/td>\n                            <td>Pastoral Theology<\/td>\n                        <\/tr>\n                    <\/tbody>\n                <\/table>\n\n\n<table class=\"table table-striped table-bordered table-hover\">\n\t\t\t\t\t<thead class=\"table-dark\">\n\t\t\t\t\t\t<tr>\n\t\t\t\t\t\t\t<th style=\"background-color: #4a90e2 !important; color: white !important; text-align: center;\" colspan=\"2\">MUSIC<\/th>\n\t\t\t\t\t\t<\/tr>\n\t\t\t\t\t\t<tr class=\"table-light\">\n\t\t\t\t\t\t\t<th scope=\"col\">CODE<\/th>\n\t\t\t\t\t\t\t<th scope=\"col\">COURSE<\/th>\n\t\t\t\t\t\t<\/tr>\n\t\t\t\t\t<\/thead>\n\t\t\t\t\t<tbody>\n\t\t\t\t\t\t<tr><td><code>MU303<\/code><\/td><td>Music, liturgy and Christian worship<\/td><\/tr>\n\t\t\t\t\t\t<tr><td><code>MU313<\/code><\/td><td>Instruments (Piano, Guitar...)<\/td><\/tr>\n\t\t\t\t\t\t<tr><td><code>MU302<\/code><\/td><td>Voice\/Choir<\/td><\/tr>\n\t\t\t\t\t<\/tbody>\n\t\t\t\t<\/table>\n\t\t\t\t\n<table class=\"table table-striped table-bordered table-hover\">\n\t\t\t\t\t<thead class=\"table-dark\">\n\t\t\t\t\t\t<tr>\n\t\t\t\t\t\t\t<th style=\"background-color: #4a90e2 !important; color: white !important; text-align: center;\" colspan=\"2\">HISTORY<\/th>\n\t\t\t\t\t\t<\/tr>\n\t\t\t\t\t\t<tr class=\"table-light\">\n\t\t\t\t\t\t\t<th scope=\"col\">CODE<\/th>\n\t\t\t\t\t\t\t<th scope=\"col\">COURSE<\/th>\n\t\t\t\t\t\t<\/tr>\n\t\t\t\t\t<\/thead>\n\t\t\t\t\t<tbody>\n\t\t\t\t\t\t<tr><td><code>HI104<\/code><\/td><td>Church History I : From Pentecost to the Reformation<\/td><\/tr>\n\t\t\t\t\t\t<tr><td><code>HI114<\/code><\/td><td>History of the Church II: From the Reformation to the Present Day<\/td><\/tr>\n\t\t\t\t\t\t<tr><td><code>HI204<\/code><\/td><td>Church History III: History of Revival Movements<\/td><\/tr>\n\t\t\t\t\t\t<tr><td><code>HI214<\/code><\/td><td>Archaeology and the Bible<\/td><\/tr>\n\t\t\t\t\t<\/tbody>\n\t\t\t\t<\/table>\t\t\t\t<\/div>\n\t\t\t\t<\/div>\n\t\t\t\t<\/div>\n\t\t<div class=\"elementor-element elementor-element-005c5b3 e-con-full e-flex e-con e-child\" data-id=\"005c5b3\" data-element_type=\"container\" data-e-type=\"container\">\n\t\t\t\t<div class=\"elementor-element elementor-element-d610df5 elementor-widget elementor-widget-html\" data-id=\"d610df5\" data-element_type=\"widget\" data-e-type=\"widget\" data-widget_type=\"html.default\">\n\t\t\t\t<div class=\"elementor-widget-container\">\n\t\t\t\t\t<table class=\"table table-striped table-bordered table-hover\">\n\t\t\t\t\t<thead class=\"table-dark\">\n\t\t\t\t\t\t<tr>\n\t\t\t\t\t\t\t<th style=\"background-color: #4a90e2 !important; color: white !important; text-align: center;\" colspan=\"2\">LANGUAGE<\/th>\n\t\t\t\t\t\t<\/tr>\n\t\t\t\t\t\t<tr class=\"table-light\">\n\t\t\t\t\t\t\t<th scope=\"col\">CODE<\/th>\n\t\t\t\t\t\t\t<th scope=\"col\">COURSE<\/th>\n\t\t\t\t\t\t<\/tr>\n\t\t\t\t\t<\/thead>\n\t\t\t\t\t<tbody>\n\t\t\t\t\t\t<tr><td><code>LA104<\/code><\/td><td>Biblical Greek I<\/td><\/tr>\n\t\t\t\t\t\t<tr><td><code>LA114<\/code><\/td><td>Biblical Greek II<\/td><\/tr>\n\t\t\t\t\t\t<tr><td><code>LA203<\/code><\/td><td>Biblical Greek III<\/td><\/tr>\n\t\t\t\t\t\t<tr><td><code>LA213<\/code><\/td><td>Biblical Greek IV<\/td><\/tr>\n\t\t\t\t\t\t<tr><td><code>LA204<\/code><\/td><td>Biblical Hebrew I<\/td><\/tr>\n\t\t\t\t\t\t<tr><td><code>LA214<\/code><\/td><td>Biblical Hebrew II<\/td><\/tr>\n\t\t\t\t\t\t<tr><td><code>LA304<\/code><\/td><td>Biblical Hebrew III<\/td><\/tr>\n\t\t\t\t\t\t<tr><td><code>LA314<\/code><\/td><td>Biblical Hebrew IV<\/td><\/tr>\n\t\t\t\t\t\t<tr><td><code>LA144<\/code><\/td><td>English I<\/td><\/tr>\n\t\t\t\t\t\t<tr><td><code>LA154<\/code><\/td><td>English II<\/td><\/tr>\n\t\t\t\t\t\t<tr><td><code>LA244<\/code><\/td><td>English III<\/td><\/tr>\n\t\t\t\t\t\t<tr><td><code>LA254<\/code><\/td><td>English IV<\/td><\/tr>\n\t\t\t\t\t\t<tr><td><code>LA124<\/code><\/td><td>French I<\/td><\/tr>\n\t\t\t\t\t\t<tr><td><code>LA134<\/code><\/td><td>French II<\/td><\/tr>\n\t\t\t\t\t\t<tr><td><code>LA224<\/code><\/td><td>French III<\/td><\/tr>\n\t\t\t\t\t\t<tr><td><code>LA234<\/code><\/td><td>French IV<\/td><\/tr>\n\t\t\t\t\t<\/tbody>\n\t\t\t\t<\/table>\t\t\t\t<\/div>\n\t\t\t\t<\/div>\n\t\t\t\t<\/div>\n\t\t<div class=\"elementor-element elementor-element-104c60d e-con-full e-flex e-con e-child\" data-id=\"104c60d\" data-element_type=\"container\" data-e-type=\"container\">\n\t\t\t\t<div class=\"elementor-element elementor-element-97ba2eb elementor-widget elementor-widget-html\" data-id=\"97ba2eb\" data-element_type=\"widget\" data-e-type=\"widget\" data-widget_type=\"html.default\">\n\t\t\t\t<div class=\"elementor-widget-container\">\n\t\t\t\t\t<table class=\"table table-striped table-bordered table-hover\">\n\t\t\t\t\t<thead class=\"table-dark\">\n\t\t\t\t\t\t<tr>\n\t\t\t\t\t\t\t<th style=\"background-color: #4a90e2 !important; color: white !important; text-align: center;\" colspan=\"2\">GENERAL EDUCATION<\/th>\n\t\t\t\t\t\t<\/tr>\n\t\t\t\t\t\t<tr class=\"table-light\">\n\t\t\t\t\t\t\t<th scope=\"col\">CODE<\/th>\n\t\t\t\t\t\t\t<th scope=\"col\">COURSE<\/th>\n\t\t\t\t\t\t<\/tr>\n\t\t\t\t\t<\/thead>\n\t\t\t\t\t<tbody>\n\t\t\t\t\t\t<tr><td><code>ED102<\/code><\/td><td>University Study Methods<\/td><\/tr>\n\t\t\t\t\t\t<tr><td><code>ED103<\/code><\/td><td>Research Methods<\/td><\/tr>\n\t\t\t\t\t\t<tr><td><code>ED113<\/code><\/td><td>Rhetoric, Public Speaking<\/td><\/tr>\n\t\t\t\t\t\t<tr><td><code>ED304<\/code><\/td><td>Intercultural Communication<\/td><\/tr>\n\t\t\t\t\t\t<tr><td><code>ED204<\/code><\/td><td>Introduction to News Media<\/td><\/tr>\n\t\t\t\t\t\t<tr><td><code>ED123<\/code><\/td><td>Introduction to philosophy<\/td><\/tr>\n\t\t\t\t\t\t<tr><td><code>ED214<\/code><\/td><td>Introduction to psychology<\/td><\/tr>\n\t\t\t\t\t\t<tr><td><code>ED104<\/code><\/td><td>Christian Ethics<\/td><\/tr>\n\t\t\t\t\t\t<tr><td><code>ED324<\/code><\/td><td>Leadership<\/td><\/tr>\n\t\t\t\t\t\t<tr><td><code>ED314<\/code><\/td><td>Apologetics<\/td><\/tr>\n\t\t\t\t\t<\/tbody>\n\t\t\t\t<\/table>\t\t\t\t<\/div>\n\t\t\t\t<\/div>\n\t\t\t\t<\/div>\n\t\t<div class=\"elementor-element elementor-element-2f245c0 e-con-full e-flex e-con e-child\" data-id=\"2f245c0\" data-element_type=\"container\" data-e-type=\"container\">\n\t\t\t\t<div class=\"elementor-element elementor-element-a2d7fe7 elementor-widget elementor-widget-html\" data-id=\"a2d7fe7\" data-element_type=\"widget\" data-e-type=\"widget\" data-widget_type=\"html.default\">\n\t\t\t\t<div class=\"elementor-widget-container\">\n\t\t\t\t\t<table class=\"table table-striped table-bordered table-hover\">\n\t\t\t\t\t<thead class=\"table-dark\">\n\t\t\t\t\t\t<tr>\n\t\t\t\t\t\t\t<th style=\"background-color: #4a90e2 !important; color: white !important; text-align: center;\" colspan=\"2\">MINISTRY\/MISSION<\/th>\n\t\t\t\t\t\t<\/tr>\n\t\t\t\t\t\t<tr class=\"table-light\">\n\t\t\t\t\t\t\t<th scope=\"col\">CODE<\/th>\n\t\t\t\t\t\t\t<th scope=\"col\">COURSE<\/th>\n\t\t\t\t\t\t<\/tr>\n\t\t\t\t\t<\/thead>\n\t\t\t\t\t<tbody>\n\t\t\t\t\t\t<tr><td><code>MI204<\/code><\/td><td>Homiletics (How to Preach)<\/td><\/tr>\n\t\t\t\t\t\t<tr><td><code>MI224<\/code><\/td><td>Church Management<\/td><\/tr>\n\t\t\t\t\t\t<tr><td><code>MI304<\/code><\/td><td>Church Planting and Growth<\/td><\/tr>\n\t\t\t\t\t\t<tr><td><code>MI234<\/code><\/td><td>Evangelism<\/td><\/tr>\n\t\t\t\t\t\t<tr><td><code>MI303<\/code><\/td><td>Children's ministry<\/td><\/tr>\n\t\t\t\t\t\t<tr><td><code>MI313<\/code><\/td><td>Youth ministry<\/td><\/tr>\n\t\t\t\t\t\t<tr><td><code>MI214<\/code><\/td><td>Comparative Religions<\/td><\/tr>\n\t\t\t\t\t\t<tr><td><code>MI104<\/code><\/td><td>Missiology<\/td><\/tr>\n\t\t\t\t\t\t<tr><td><code>MI314<\/code><\/td><td>Pastoral Counseling<\/td><\/tr>\n\t\t\t\t\t<\/tbody>\n\t\t\t\t<\/table>\t\t\t\t<\/div>\n\t\t\t\t<\/div>\n\t\t\t\t<\/div>\n\t\t<div class=\"elementor-element elementor-element-94839aa e-con-full e-flex e-con e-child\" data-id=\"94839aa\" data-element_type=\"container\" data-e-type=\"container\">\n\t\t\t\t<div class=\"elementor-element elementor-element-e9b32b5 elementor-widget elementor-widget-html\" data-id=\"e9b32b5\" data-element_type=\"widget\" data-e-type=\"widget\" data-widget_type=\"html.default\">\n\t\t\t\t<div class=\"elementor-widget-container\">\n\t\t\t\t\t<table class=\"table table-striped table-bordered table-hover\">\n\t\t\t\t\t<thead class=\"table-dark\">\n\t\t\t\t\t\t<tr>\n\t\t\t\t\t\t\t<th style=\"background-color: #4a90e2 !important; color: white !important; text-align: center;\" colspan=\"2\">Classification of courses by fields<\/th>\n\t\t\t\t\t\t<\/tr>\n\t\t\t\t\t\t<tr class=\"table-light\">\n\t\t\t\t\t\t\t<th scope=\"col\">CODE<\/th>\n\t\t\t\t\t\t\t<th scope=\"col\">FIELD<\/th>\n\t\t\t\t\t\t<\/tr>\n\t\t\t\t\t<\/thead>\n\t\t\t\t\t<tbody>\n\t\t\t\t\t\t<tr><td><code>BI<\/code><\/td><td>Bible<\/td><\/tr>\n\t\t\t\t\t\t<tr><td><code>TH<\/code><\/td><td>Theology<\/td><\/tr>\n\t\t\t\t\t\t<tr><td><code>LA<\/code><\/td><td>Language<\/td><\/tr>\n\t\t\t\t\t\t<tr><td><code>MU<\/code><\/td><td>Music<\/td><\/tr>\n\t\t\t\t\t\t<tr><td><code>HI<\/code><\/td><td>History<\/td><\/tr>\n\t\t\t\t\t\t<tr><td><code>ED<\/code><\/td><td>General Education<\/td><\/tr>\n\t\t\t\t\t\t<tr><td><code>MI<\/code><\/td><td>Ministry\/Mission<\/td><\/tr>\n\t\t\t\t\t<\/tbody>\n\t\t\t\t<\/table>\t\t\t\t<\/div>\n\t\t\t\t<\/div>\n\t\t\t\t<\/div>\n\t\t\t\t\t<\/div>\n\t\t\t\t<\/div>\n\t\t<div class=\"elementor-element elementor-element-9a0e620 e-flex e-con-boxed e-con e-parent\" data-id=\"9a0e620\" data-element_type=\"container\" data-e-type=\"container\">\n\t\t\t\t\t<div class=\"e-con-inner\">\n\t\t\t\t<div class=\"elementor-element elementor-element-00d5174 elementor-widget elementor-widget-text-editor\" data-id=\"00d5174\" data-element_type=\"widget\" data-e-type=\"widget\" data-widget_type=\"text-editor.default\">\n\t\t\t\t<div class=\"elementor-widget-container\">\n\t\t\t\t\t\t\t\t\t<p><em><strong>Each number has a meaning:<\/strong><\/em><\/p><p><em>The first number indicates the year in which this course is normally offered.<\/em><\/p><p><em>The second number is a sequence code for course identification.<\/em><\/p><p><em>The third number indicates the number of ECTS credits.<\/em><\/p>\t\t\t\t\t\t\t\t<\/div>\n\t\t\t\t<\/div>\n\t\t\t\t\t<\/div>\n\t\t\t\t<\/div>\n\t\t\t\t<\/div>","protected":false},"excerpt":{"rendered":"<p>BIBLE CODE COURS BI134 Herm\u00e9neutique (Comment interpr\u00e9ter la Bible) BI344 Ex\u00e9g\u00e8se (Interpr\u00e9tation de textes bibliques) Ancien Testament BI104 Survol de l&#8217;Ancien Testament BI304 Pentateuque BI314 Proph\u00e8tes ant\u00e9rieurs BI234 Livres po\u00e9tiques BI324 Psaumes BI334 Livres proph\u00e9tiques BI204 \u00c9sa\u00efe Nouveau Testament BI114 Survol du Nouveau Testament BI224 \u00c9vangiles synoptiques BI124 \u00c9vangile de Jean et \u00e9p\u00eetres johanniques BI244 [&hellip;]<\/p>\n","protected":false},"author":1,"featured_media":0,"parent":0,"menu_order":0,"comment_status":"closed","ping_status":"closed","template":"","meta":{"footnotes":""},"class_list":["post-964","page","type-page","status-publish","hentry"],"_links":{"self":[{"href":"https:\/\/itcaraibe.org\/en\/wp-json\/wp\/v2\/pages\/964","targetHints":{"allow":["GET"]}}],"collection":[{"href":"https:\/\/itcaraibe.org\/en\/wp-json\/wp\/v2\/pages"}],"about":[{"href":"https:\/\/itcaraibe.org\/en\/wp-json\/wp\/v2\/types\/page"}],"author":[{"embeddable":true,"href":"https:\/\/itcaraibe.org\/en\/wp-json\/wp\/v2\/users\/1"}],"replies":[{"embeddable":true,"href":"https:\/\/itcaraibe.org\/en\/wp-json\/wp\/v2\/comments?post=964"}],"version-history":[{"count":54,"href":"https:\/\/itcaraibe.org\/en\/wp-json\/wp\/v2\/pages\/964\/revisions"}],"predecessor-version":[{"id":2461,"href":"https:\/\/itcaraibe.org\/en\/wp-json\/wp\/v2\/pages\/964\/revisions\/2461"}],"wp:attachment":[{"href":"https:\/\/itcaraibe.org\/en\/wp-json\/wp\/v2\/media?parent=964"}],"curies":[{"name":"wp","href":"https:\/\/api.w.org\/{rel}","templated":true}]}}